{"id":3060,"date":"2025-11-20T16:13:33","date_gmt":"2025-11-20T16:13:33","guid":{"rendered":"https:\/\/www.welcomecamogli.it\/organisez-votre-voyage\/come-raggiungere\/"},"modified":"2026-04-08T10:41:03","modified_gmt":"2026-04-08T10:41:03","slug":"comment-arriver-se-deplacer","status":"publish","type":"page","link":"https:\/\/www.welcomecamogli.it\/fr\/organisez-votre-voyage\/comment-arriver-se-deplacer\/","title":{"rendered":"Comment arriver \/ se d\u00e9placer"},"content":{"rendered":"\t\t<div data-elementor-type=\"wp-page\" data-elementor-id=\"3060\" class=\"elementor elementor-3060 elementor-890\" data-elementor-post-type=\"page\">\n\t\t\t\t<div class=\"elementor-element elementor-element-ffd1a07 e-flex e-con-boxed e-con e-parent\" data-id=\"ffd1a07\" data-element_type=\"container\" id=\"cmg-slider-dots-1\" data-settings=\"{&quot;background_background&quot;:&quot;slideshow&quot;,&quot;shape_divider_bottom&quot;:&quot;waves&quot;,&quot;background_slideshow_gallery&quot;:[{&quot;id&quot;:925,&quot;url&quot;:&quot;https:\\\/\\\/www.welcomecamogli.it\\\/wp-content\\\/uploads\\\/2025\\\/11\\\/organizza_slideshow01_camogli.jpg&quot;},{&quot;id&quot;:905,&quot;url&quot;:&quot;https:\\\/\\\/www.welcomecamogli.it\\\/wp-content\\\/uploads\\\/2025\\\/11\\\/organizza_slideshow02_camogli.jpg&quot;},{&quot;id&quot;:909,&quot;url&quot;:&quot;https:\\\/\\\/www.welcomecamogli.it\\\/wp-content\\\/uploads\\\/2025\\\/11\\\/organizza_slideshow03_camogli.jpg&quot;}],&quot;background_slideshow_loop&quot;:&quot;yes&quot;,&quot;background_slideshow_slide_duration&quot;:5000,&quot;background_slideshow_slide_transition&quot;:&quot;fade&quot;,&quot;background_slideshow_transition_duration&quot;:500}\">\n\t\t\t\t\t<div class=\"e-con-inner\">\n\t\t\t\t<div class=\"elementor-shape elementor-shape-bottom\" aria-hidden=\"true\" data-negative=\"false\">\n\t\t\t<svg xmlns=\"http:\/\/www.w3.org\/2000\/svg\" viewBox=\"0 0 1000 100\" preserveAspectRatio=\"none\">\n\t<path class=\"elementor-shape-fill\" d=\"M421.9,6.5c22.6-2.5,51.5,0.4,75.5,5.3c23.6,4.9,70.9,23.5,100.5,35.7c75.8,32.2,133.7,44.5,192.6,49.7\n\tc23.6,2.1,48.7,3.5,103.4-2.5c54.7-6,106.2-25.6,106.2-25.6V0H0v30.3c0,0,72,32.6,158.4,30.5c39.2-0.7,92.8-6.7,134-22.4\n\tc21.2-8.1,52.2-18.2,79.7-24.2C399.3,7.9,411.6,7.5,421.9,6.5z\"\/>\n<\/svg>\t\t<\/div>\n\t\t\t\t\t<\/div>\n\t\t\t\t<\/div>\n\t\t<div class=\"elementor-element elementor-element-73ffdce e-flex e-con-boxed e-con e-parent\" data-id=\"73ffdce\" data-element_type=\"container\">\n\t\t\t\t\t<div class=\"e-con-inner\">\n\t\t\t\t<div class=\"elementor-element elementor-element-e51f34e elementor-invisible elementor-widget elementor-widget-heading\" data-id=\"e51f34e\" data-element_type=\"widget\" data-settings=\"{&quot;_animation&quot;:&quot;fadeInUp&quot;}\" data-widget_type=\"heading.default\">\n\t\t\t\t\t<h1 class=\"elementor-heading-title elementor-size-default\">Comment rejoindre Camogli<\/h1>\t\t\t\t<\/div>\n\t\t\t\t<div class=\"elementor-element elementor-element-d929d49 elementor-invisible elementor-widget elementor-widget-text-editor\" data-id=\"d929d49\" data-element_type=\"widget\" data-settings=\"{&quot;_animation&quot;:&quot;fadeIn&quot;,&quot;_animation_delay&quot;:200}\" data-widget_type=\"text-editor.default\">\n\t\t\t\t\t\t\t\t\t<p>Vous pouvez choisir le moyen de transport le plus adapt\u00e9 \u00e0 vos besoins et \u00e0 la distance \u00e0 parcourir. En voiture, en train ou en avion, venir \u00e0 Camogli <strong>est tr\u00e8s simple.<\/strong><\/p>\t\t\t\t\t\t\t\t<\/div>\n\t\t\t\t\t<\/div>\n\t\t\t\t<\/div>\n\t\t<div class=\"elementor-element elementor-element-01f63d9 e-flex e-con-boxed e-con e-parent\" data-id=\"01f63d9\" data-element_type=\"container\">\n\t\t\t\t\t<div class=\"e-con-inner\">\n\t\t<div class=\"elementor-element elementor-element-0269670 e-con-full e-flex elementor-invisible e-con e-child\" data-id=\"0269670\" data-element_type=\"container\" data-settings=\"{&quot;animation&quot;:&quot;fadeIn&quot;}\">\n\t\t\t\t<div class=\"elementor-element elementor-element-4a29322 elementor-widget elementor-widget-image\" data-id=\"4a29322\" data-element_type=\"widget\" data-widget_type=\"image.default\">\n\t\t\t\t\t\t\t\t\t\t\t\t\t\t\t<img decoding=\"async\" width=\"139\" height=\"147\" src=\"https:\/\/www.welcomecamogli.it\/wp-content\/uploads\/2025\/11\/icona_auto.png\" class=\"attachment-large size-large wp-image-919\" alt=\"\" \/>\t\t\t\t\t\t\t\t\t\t\t\t\t\t\t<\/div>\n\t\t\t\t<div class=\"elementor-element elementor-element-8c579bb elementor-widget elementor-widget-heading\" data-id=\"8c579bb\" data-element_type=\"widget\" data-widget_type=\"heading.default\">\n\t\t\t\t\t<h6 class=\"elementor-heading-title elementor-size-default\">EN VOITURE<\/h6>\t\t\t\t<\/div>\n\t\t\t\t<div class=\"elementor-element elementor-element-ad50a91 elementor-widget elementor-widget-text-editor\" data-id=\"ad50a91\" data-element_type=\"widget\" data-widget_type=\"text-editor.default\">\n\t\t\t\t\t\t\t\t\t<p>L\u2019autoroute de r\u00e9f\u00e9rence est <strong>l\u2019A12<\/strong>, avec sortie \u00e0 <strong>Recco<\/strong>, puis environ 2 km \u00e0 parcourir en direction de Camogli.<br \/>Si vous empruntez la route SS1 Aurelia, en provenance de La Spezia, tournez vers Camogli peu apr\u00e8s la localit\u00e9 de Ruta ; en revanche, en venant de G\u00eanes, la bifurcation vers Camogli se trouve au centre de Recco.<\/p>\t\t\t\t\t\t\t\t<\/div>\n\t\t\t\t<\/div>\n\t\t<div class=\"elementor-element elementor-element-370fcc3 e-con-full e-flex elementor-invisible e-con e-child\" data-id=\"370fcc3\" data-element_type=\"container\" data-settings=\"{&quot;animation&quot;:&quot;fadeIn&quot;,&quot;animation_delay&quot;:200}\">\n\t\t\t\t<div class=\"elementor-element elementor-element-568a159 elementor-widget elementor-widget-image\" data-id=\"568a159\" data-element_type=\"widget\" data-widget_type=\"image.default\">\n\t\t\t\t\t\t\t\t\t\t\t\t\t\t\t<img decoding=\"async\" width=\"139\" height=\"147\" src=\"https:\/\/www.welcomecamogli.it\/wp-content\/uploads\/2025\/11\/icona_treno.png\" class=\"attachment-large size-large wp-image-923\" alt=\"\" \/>\t\t\t\t\t\t\t\t\t\t\t\t\t\t\t<\/div>\n\t\t\t\t<div class=\"elementor-element elementor-element-3fdffde elementor-widget elementor-widget-heading\" data-id=\"3fdffde\" data-element_type=\"widget\" data-widget_type=\"heading.default\">\n\t\t\t\t\t<h6 class=\"elementor-heading-title elementor-size-default\">EN TRAIN<\/h6>\t\t\t\t<\/div>\n\t\t\t\t<div class=\"elementor-element elementor-element-8c4913a elementor-widget elementor-widget-text-editor\" data-id=\"8c4913a\" data-element_type=\"widget\" data-widget_type=\"text-editor.default\">\n\t\t\t\t\t\t\t\t\t<p>C\u2019est sans doute la solution la plus pratique. La gare d\u2019arriv\u00e9e est <strong>Camogli\u2013San Fruttuoso<\/strong>, situ\u00e9e sur la ligne <strong>G\u00eanes\u2013La Spezia<\/strong>. Depuis G\u00eanes, le trajet dure environ vingt minutes ; depuis La Spezia, environ une heure ; et depuis Milan, un peu plus de deux heures.<\/p>\t\t\t\t\t\t\t\t<\/div>\n\t\t\t\t<\/div>\n\t\t<a class=\"elementor-element elementor-element-8a55939 e-con-full e-flex elementor-invisible e-con e-child\" data-id=\"8a55939\" data-element_type=\"container\" data-settings=\"{&quot;animation&quot;:&quot;fadeIn&quot;,&quot;animation_delay&quot;:400}\" href=\"https:\/\/www.welcomecamogli.it\/fr\/organisez-votre-voyage\/restaurants-et-bars\/\">\n\t\t\t\t<div class=\"elementor-element elementor-element-d1dc0c1 elementor-widget elementor-widget-image\" data-id=\"d1dc0c1\" data-element_type=\"widget\" data-widget_type=\"image.default\">\n\t\t\t\t\t\t\t\t\t\t\t\t\t\t\t<img decoding=\"async\" width=\"139\" height=\"147\" src=\"https:\/\/www.welcomecamogli.it\/wp-content\/uploads\/2025\/11\/icona_aereo.png\" class=\"attachment-large size-large wp-image-915\" alt=\"\" \/>\t\t\t\t\t\t\t\t\t\t\t\t\t\t\t<\/div>\n\t\t\t\t<div class=\"elementor-element elementor-element-0ff4d00 elementor-widget elementor-widget-heading\" data-id=\"0ff4d00\" data-element_type=\"widget\" data-widget_type=\"heading.default\">\n\t\t\t\t\t<h6 class=\"elementor-heading-title elementor-size-default\">EN AVION<\/h6>\t\t\t\t<\/div>\n\t\t\t\t<div class=\"elementor-element elementor-element-934dbe7 elementor-widget elementor-widget-text-editor\" data-id=\"934dbe7\" data-element_type=\"widget\" data-widget_type=\"text-editor.default\">\n\t\t\t\t\t\t\t\t\t<p>L\u2019a\u00e9roport de r\u00e9f\u00e9rence le plus pratique est <strong>l\u2019a\u00e9roport Cristoforo Colombo de G\u00eanes<\/strong>. En alternative, <strong>l\u2019a\u00e9roport Galileo Galilei de Pise<\/strong> constitue \u00e9galement une excellente option, bien reli\u00e9e au r\u00e9seau ferroviaire, tout comme les a\u00e9roports de <strong>Milan Linate, Milan Malpensa<\/strong> et <strong>Orio al Serio de Bergame<\/strong>.<\/p>\t\t\t\t\t\t\t\t<\/div>\n\t\t\t\t<\/a>\n\t\t\t\t\t<\/div>\n\t\t\t\t<\/div>\n\t\t<div class=\"elementor-element elementor-element-ee2d1e3 e-flex e-con-boxed e-con e-parent\" data-id=\"ee2d1e3\" data-element_type=\"container\" data-settings=\"{&quot;background_background&quot;:&quot;classic&quot;,&quot;shape_divider_bottom&quot;:&quot;waves&quot;,&quot;shape_divider_top&quot;:&quot;waves&quot;,&quot;shape_divider_top_negative&quot;:&quot;yes&quot;}\">\n\t\t\t\t\t<div class=\"e-con-inner\">\n\t\t\t\t<div class=\"elementor-shape elementor-shape-top\" aria-hidden=\"true\" data-negative=\"true\">\n\t\t\t<svg xmlns=\"http:\/\/www.w3.org\/2000\/svg\" viewBox=\"0 0 1000 100\" preserveAspectRatio=\"none\">\n\t<path class=\"elementor-shape-fill\" d=\"M790.5,93.1c-59.3-5.3-116.8-18-192.6-50c-29.6-12.7-76.9-31-100.5-35.9c-23.6-4.9-52.6-7.8-75.5-5.3\n\tc-10.2,1.1-22.6,1.4-50.1,7.4c-27.2,6.3-58.2,16.6-79.4,24.7c-41.3,15.9-94.9,21.9-134,22.6C72,58.2,0,25.8,0,25.8V100h1000V65.3\n\tc0,0-51.5,19.4-106.2,25.7C839.5,97,814.1,95.2,790.5,93.1z\"\/>\n<\/svg>\t\t<\/div>\n\t\t\t\t<div class=\"elementor-shape elementor-shape-bottom\" aria-hidden=\"true\" data-negative=\"false\">\n\t\t\t<svg xmlns=\"http:\/\/www.w3.org\/2000\/svg\" viewBox=\"0 0 1000 100\" preserveAspectRatio=\"none\">\n\t<path class=\"elementor-shape-fill\" d=\"M421.9,6.5c22.6-2.5,51.5,0.4,75.5,5.3c23.6,4.9,70.9,23.5,100.5,35.7c75.8,32.2,133.7,44.5,192.6,49.7\n\tc23.6,2.1,48.7,3.5,103.4-2.5c54.7-6,106.2-25.6,106.2-25.6V0H0v30.3c0,0,72,32.6,158.4,30.5c39.2-0.7,92.8-6.7,134-22.4\n\tc21.2-8.1,52.2-18.2,79.7-24.2C399.3,7.9,411.6,7.5,421.9,6.5z\"\/>\n<\/svg>\t\t<\/div>\n\t\t\t\t<div class=\"elementor-element elementor-element-afd6ee2 elementor-align-center elementor-invisible elementor-widget elementor-widget-button\" data-id=\"afd6ee2\" data-element_type=\"widget\" data-settings=\"{&quot;_animation&quot;:&quot;fadeInUp&quot;}\" data-widget_type=\"button.default\">\n\t\t\t\t\t\t\t\t\t\t<a class=\"elementor-button elementor-button-link elementor-size-sm\" href=\"https:\/\/www.welcomecamogli.it\/wp-content\/uploads\/2025\/11\/mappa-camogli.pdf\" target=\"_blank\">\n\t\t\t\t\t\t<span class=\"elementor-button-content-wrapper\">\n\t\t\t\t\t\t\t\t\t<span class=\"elementor-button-text\">La carte de Camogli<\/span>\n\t\t\t\t\t<\/span>\n\t\t\t\t\t<\/a>\n\t\t\t\t\t\t\t\t<\/div>\n\t\t\t\t\t<\/div>\n\t\t\t\t<\/div>\n\t\t\t\t<\/div>\n\t\t","protected":false},"excerpt":{"rendered":"<p>Comment rejoindre Camogli Vous pouvez choisir le moyen de transport le plus adapt\u00e9 \u00e0 vos besoins et \u00e0 la distance \u00e0 parcourir. En voiture, en train ou en avion, venir \u00e0 Camogli est tr\u00e8s simple. EN VOITURE L\u2019autoroute de r\u00e9f\u00e9rence est l\u2019A12, avec sortie \u00e0 Recco, puis environ 2 km \u00e0 parcourir en direction de [&hellip;]<\/p>\n","protected":false},"author":3,"featured_media":1903,"parent":2696,"menu_order":0,"comment_status":"closed","ping_status":"closed","template":"","meta":{"_acf_changed":false,"footnotes":""},"class_list":["post-3060","page","type-page","status-publish","has-post-thumbnail","hentry"],"acf":[],"yoast_head":"<!-- This site is optimized with the Yoast SEO plugin v26.2 - https:\/\/yoast.com\/wordpress\/plugins\/seo\/ -->\n<title>Comment arriver \/ se d\u00e9placer - Welcome Camogli<\/title>\n<meta name=\"robots\" content=\"index, follow, max-snippet:-1, max-image-preview:large, max-video-preview:-1\" \/>\n<link rel=\"canonical\" href=\"https:\/\/www.welcomecamogli.it\/fr\/organisez-votre-voyage\/comment-arriver-se-deplacer\/\" \/>\n<meta property=\"og:locale\" content=\"fr_FR\" \/>\n<meta property=\"og:type\" content=\"article\" \/>\n<meta property=\"og:title\" content=\"Comment arriver \/ se d\u00e9placer - Welcome Camogli\" \/>\n<meta property=\"og:description\" content=\"Comment rejoindre Camogli Vous pouvez choisir le moyen de transport le plus adapt\u00e9 \u00e0 vos besoins et \u00e0 la distance \u00e0 parcourir. En voiture, en train ou en avion, venir \u00e0 Camogli est tr\u00e8s simple. EN VOITURE L\u2019autoroute de r\u00e9f\u00e9rence est l\u2019A12, avec sortie \u00e0 Recco, puis environ 2 km \u00e0 parcourir en direction de [&hellip;]\" \/>\n<meta property=\"og:url\" content=\"https:\/\/www.welcomecamogli.it\/fr\/organisez-votre-voyage\/comment-arriver-se-deplacer\/\" \/>\n<meta property=\"og:site_name\" content=\"Welcome Camogli\" \/>\n<meta property=\"article:publisher\" content=\"https:\/\/www.facebook.com\/welcomecamogli\" \/>\n<meta property=\"article:modified_time\" content=\"2026-04-08T10:41:03+00:00\" \/>\n<meta property=\"og:image\" content=\"https:\/\/www.welcomecamogli.it\/wp-content\/uploads\/2026\/01\/scopri_slideshow03_il_borgo_R.jpg\" \/>\n\t<meta property=\"og:image:width\" content=\"1920\" \/>\n\t<meta property=\"og:image:height\" content=\"914\" \/>\n\t<meta property=\"og:image:type\" content=\"image\/jpeg\" \/>\n<meta name=\"twitter:card\" content=\"summary_large_image\" \/>\n<meta name=\"twitter:label1\" content=\"Est. reading time\" \/>\n\t<meta name=\"twitter:data1\" content=\"2 minutes\" \/>\n<script type=\"application\/ld+json\" class=\"yoast-schema-graph\">{\"@context\":\"https:\/\/schema.org\",\"@graph\":[{\"@type\":\"WebPage\",\"@id\":\"https:\/\/www.welcomecamogli.it\/fr\/organisez-votre-voyage\/comment-arriver-se-deplacer\/\",\"url\":\"https:\/\/www.welcomecamogli.it\/fr\/organisez-votre-voyage\/comment-arriver-se-deplacer\/\",\"name\":\"Comment arriver \/ se d\u00e9placer - Welcome Camogli\",\"isPartOf\":{\"@id\":\"https:\/\/www.welcomecamogli.it\/#website\"},\"primaryImageOfPage\":{\"@id\":\"https:\/\/www.welcomecamogli.it\/fr\/organisez-votre-voyage\/comment-arriver-se-deplacer\/#primaryimage\"},\"image\":{\"@id\":\"https:\/\/www.welcomecamogli.it\/fr\/organisez-votre-voyage\/comment-arriver-se-deplacer\/#primaryimage\"},\"thumbnailUrl\":\"https:\/\/www.welcomecamogli.it\/wp-content\/uploads\/2026\/01\/scopri_slideshow03_il_borgo_R.jpg\",\"datePublished\":\"2025-11-20T16:13:33+00:00\",\"dateModified\":\"2026-04-08T10:41:03+00:00\",\"breadcrumb\":{\"@id\":\"https:\/\/www.welcomecamogli.it\/fr\/organisez-votre-voyage\/comment-arriver-se-deplacer\/#breadcrumb\"},\"inLanguage\":\"fr-FR\",\"potentialAction\":[{\"@type\":\"ReadAction\",\"target\":[\"https:\/\/www.welcomecamogli.it\/fr\/organisez-votre-voyage\/comment-arriver-se-deplacer\/\"]}]},{\"@type\":\"ImageObject\",\"inLanguage\":\"fr-FR\",\"@id\":\"https:\/\/www.welcomecamogli.it\/fr\/organisez-votre-voyage\/comment-arriver-se-deplacer\/#primaryimage\",\"url\":\"https:\/\/www.welcomecamogli.it\/wp-content\/uploads\/2026\/01\/scopri_slideshow03_il_borgo_R.jpg\",\"contentUrl\":\"https:\/\/www.welcomecamogli.it\/wp-content\/uploads\/2026\/01\/scopri_slideshow03_il_borgo_R.jpg\",\"width\":1920,\"height\":914},{\"@type\":\"BreadcrumbList\",\"@id\":\"https:\/\/www.welcomecamogli.it\/fr\/organisez-votre-voyage\/comment-arriver-se-deplacer\/#breadcrumb\",\"itemListElement\":[{\"@type\":\"ListItem\",\"position\":1,\"name\":\"Home\",\"item\":\"https:\/\/www.welcomecamogli.it\/fr\/\"},{\"@type\":\"ListItem\",\"position\":2,\"name\":\"Organisez votre voyage\",\"item\":\"https:\/\/www.welcomecamogli.it\/fr\/organisez-votre-voyage\/\"},{\"@type\":\"ListItem\",\"position\":3,\"name\":\"Comment arriver \/ se d\u00e9placer\"}]},{\"@type\":\"WebSite\",\"@id\":\"https:\/\/www.welcomecamogli.it\/#website\",\"url\":\"https:\/\/www.welcomecamogli.it\/\",\"name\":\"Welcome Camogli\",\"description\":\"\",\"publisher\":{\"@id\":\"https:\/\/www.welcomecamogli.it\/#organization\"},\"potentialAction\":[{\"@type\":\"SearchAction\",\"target\":{\"@type\":\"EntryPoint\",\"urlTemplate\":\"https:\/\/www.welcomecamogli.it\/?s={search_term_string}\"},\"query-input\":{\"@type\":\"PropertyValueSpecification\",\"valueRequired\":true,\"valueName\":\"search_term_string\"}}],\"inLanguage\":\"fr-FR\"},{\"@type\":\"Organization\",\"@id\":\"https:\/\/www.welcomecamogli.it\/#organization\",\"name\":\"Welcome Camogli\",\"url\":\"https:\/\/www.welcomecamogli.it\/\",\"logo\":{\"@type\":\"ImageObject\",\"inLanguage\":\"fr-FR\",\"@id\":\"https:\/\/www.welcomecamogli.it\/#\/schema\/logo\/image\/\",\"url\":\"https:\/\/www.welcomecamogli.it\/wp-content\/uploads\/2025\/10\/logo_welcome_camogli.png\",\"contentUrl\":\"https:\/\/www.welcomecamogli.it\/wp-content\/uploads\/2025\/10\/logo_welcome_camogli.png\",\"width\":199,\"height\":67,\"caption\":\"Welcome Camogli\"},\"image\":{\"@id\":\"https:\/\/www.welcomecamogli.it\/#\/schema\/logo\/image\/\"},\"sameAs\":[\"https:\/\/www.facebook.com\/welcomecamogli\",\"https:\/\/www.youtube.com\/channel\/UCBCixdygwXvBPu8ndWQ_MRw\",\"https:\/\/www.instagram.com\/welcome_camogli\/\"]}]}<\/script>\n<!-- \/ Yoast SEO plugin. -->","yoast_head_json":{"title":"Comment arriver \/ se d\u00e9placer - Welcome Camogli","robots":{"index":"index","follow":"follow","max-snippet":"max-snippet:-1","max-image-preview":"max-image-preview:large","max-video-preview":"max-video-preview:-1"},"canonical":"https:\/\/www.welcomecamogli.it\/fr\/organisez-votre-voyage\/comment-arriver-se-deplacer\/","og_locale":"fr_FR","og_type":"article","og_title":"Comment arriver \/ se d\u00e9placer - Welcome Camogli","og_description":"Comment rejoindre Camogli Vous pouvez choisir le moyen de transport le plus adapt\u00e9 \u00e0 vos besoins et \u00e0 la distance \u00e0 parcourir. En voiture, en train ou en avion, venir \u00e0 Camogli est tr\u00e8s simple. EN VOITURE L\u2019autoroute de r\u00e9f\u00e9rence est l\u2019A12, avec sortie \u00e0 Recco, puis environ 2 km \u00e0 parcourir en direction de [&hellip;]","og_url":"https:\/\/www.welcomecamogli.it\/fr\/organisez-votre-voyage\/comment-arriver-se-deplacer\/","og_site_name":"Welcome Camogli","article_publisher":"https:\/\/www.facebook.com\/welcomecamogli","article_modified_time":"2026-04-08T10:41:03+00:00","og_image":[{"width":1920,"height":914,"url":"https:\/\/www.welcomecamogli.it\/wp-content\/uploads\/2026\/01\/scopri_slideshow03_il_borgo_R.jpg","type":"image\/jpeg"}],"twitter_card":"summary_large_image","twitter_misc":{"Est. reading time":"2 minutes"},"schema":{"@context":"https:\/\/schema.org","@graph":[{"@type":"WebPage","@id":"https:\/\/www.welcomecamogli.it\/fr\/organisez-votre-voyage\/comment-arriver-se-deplacer\/","url":"https:\/\/www.welcomecamogli.it\/fr\/organisez-votre-voyage\/comment-arriver-se-deplacer\/","name":"Comment arriver \/ se d\u00e9placer - Welcome Camogli","isPartOf":{"@id":"https:\/\/www.welcomecamogli.it\/#website"},"primaryImageOfPage":{"@id":"https:\/\/www.welcomecamogli.it\/fr\/organisez-votre-voyage\/comment-arriver-se-deplacer\/#primaryimage"},"image":{"@id":"https:\/\/www.welcomecamogli.it\/fr\/organisez-votre-voyage\/comment-arriver-se-deplacer\/#primaryimage"},"thumbnailUrl":"https:\/\/www.welcomecamogli.it\/wp-content\/uploads\/2026\/01\/scopri_slideshow03_il_borgo_R.jpg","datePublished":"2025-11-20T16:13:33+00:00","dateModified":"2026-04-08T10:41:03+00:00","breadcrumb":{"@id":"https:\/\/www.welcomecamogli.it\/fr\/organisez-votre-voyage\/comment-arriver-se-deplacer\/#breadcrumb"},"inLanguage":"fr-FR","potentialAction":[{"@type":"ReadAction","target":["https:\/\/www.welcomecamogli.it\/fr\/organisez-votre-voyage\/comment-arriver-se-deplacer\/"]}]},{"@type":"ImageObject","inLanguage":"fr-FR","@id":"https:\/\/www.welcomecamogli.it\/fr\/organisez-votre-voyage\/comment-arriver-se-deplacer\/#primaryimage","url":"https:\/\/www.welcomecamogli.it\/wp-content\/uploads\/2026\/01\/scopri_slideshow03_il_borgo_R.jpg","contentUrl":"https:\/\/www.welcomecamogli.it\/wp-content\/uploads\/2026\/01\/scopri_slideshow03_il_borgo_R.jpg","width":1920,"height":914},{"@type":"BreadcrumbList","@id":"https:\/\/www.welcomecamogli.it\/fr\/organisez-votre-voyage\/comment-arriver-se-deplacer\/#breadcrumb","itemListElement":[{"@type":"ListItem","position":1,"name":"Home","item":"https:\/\/www.welcomecamogli.it\/fr\/"},{"@type":"ListItem","position":2,"name":"Organisez votre voyage","item":"https:\/\/www.welcomecamogli.it\/fr\/organisez-votre-voyage\/"},{"@type":"ListItem","position":3,"name":"Comment arriver \/ se d\u00e9placer"}]},{"@type":"WebSite","@id":"https:\/\/www.welcomecamogli.it\/#website","url":"https:\/\/www.welcomecamogli.it\/","name":"Welcome Camogli","description":"","publisher":{"@id":"https:\/\/www.welcomecamogli.it\/#organization"},"potentialAction":[{"@type":"SearchAction","target":{"@type":"EntryPoint","urlTemplate":"https:\/\/www.welcomecamogli.it\/?s={search_term_string}"},"query-input":{"@type":"PropertyValueSpecification","valueRequired":true,"valueName":"search_term_string"}}],"inLanguage":"fr-FR"},{"@type":"Organization","@id":"https:\/\/www.welcomecamogli.it\/#organization","name":"Welcome Camogli","url":"https:\/\/www.welcomecamogli.it\/","logo":{"@type":"ImageObject","inLanguage":"fr-FR","@id":"https:\/\/www.welcomecamogli.it\/#\/schema\/logo\/image\/","url":"https:\/\/www.welcomecamogli.it\/wp-content\/uploads\/2025\/10\/logo_welcome_camogli.png","contentUrl":"https:\/\/www.welcomecamogli.it\/wp-content\/uploads\/2025\/10\/logo_welcome_camogli.png","width":199,"height":67,"caption":"Welcome Camogli"},"image":{"@id":"https:\/\/www.welcomecamogli.it\/#\/schema\/logo\/image\/"},"sameAs":["https:\/\/www.facebook.com\/welcomecamogli","https:\/\/www.youtube.com\/channel\/UCBCixdygwXvBPu8ndWQ_MRw","https:\/\/www.instagram.com\/welcome_camogli\/"]}]}},"_links":{"self":[{"href":"https:\/\/www.welcomecamogli.it\/fr\/wp-json\/wp\/v2\/pages\/3060","targetHints":{"allow":["GET"]}}],"collection":[{"href":"https:\/\/www.welcomecamogli.it\/fr\/wp-json\/wp\/v2\/pages"}],"about":[{"href":"https:\/\/www.welcomecamogli.it\/fr\/wp-json\/wp\/v2\/types\/page"}],"author":[{"embeddable":true,"href":"https:\/\/www.welcomecamogli.it\/fr\/wp-json\/wp\/v2\/users\/3"}],"replies":[{"embeddable":true,"href":"https:\/\/www.welcomecamogli.it\/fr\/wp-json\/wp\/v2\/comments?post=3060"}],"version-history":[{"count":21,"href":"https:\/\/www.welcomecamogli.it\/fr\/wp-json\/wp\/v2\/pages\/3060\/revisions"}],"predecessor-version":[{"id":3422,"href":"https:\/\/www.welcomecamogli.it\/fr\/wp-json\/wp\/v2\/pages\/3060\/revisions\/3422"}],"up":[{"embeddable":true,"href":"https:\/\/www.welcomecamogli.it\/fr\/wp-json\/wp\/v2\/pages\/2696"}],"wp:featuredmedia":[{"embeddable":true,"href":"https:\/\/www.welcomecamogli.it\/fr\/wp-json\/wp\/v2\/media\/1903"}],"wp:attachment":[{"href":"https:\/\/www.welcomecamogli.it\/fr\/wp-json\/wp\/v2\/media?parent=3060"}],"curies":[{"name":"wp","href":"https:\/\/api.w.org\/{rel}","templated":true}]}}