{"id":2821,"date":"2025-11-04T13:51:31","date_gmt":"2025-11-04T13:51:31","guid":{"rendered":"https:\/\/www.welcomecamogli.it\/decouvrir-camogli\/il-mare\/"},"modified":"2026-04-08T10:43:40","modified_gmt":"2026-04-08T10:43:40","slug":"la-mer","status":"publish","type":"page","link":"https:\/\/www.welcomecamogli.it\/fr\/decouvrir-camogli\/la-mer\/","title":{"rendered":"La mer"},"content":{"rendered":"\t\t<div data-elementor-type=\"wp-page\" data-elementor-id=\"2821\" class=\"elementor elementor-2821 elementor-367\" data-elementor-post-type=\"page\">\n\t\t\t\t<div class=\"elementor-element elementor-element-ffd1a07 e-flex e-con-boxed e-con e-parent\" data-id=\"ffd1a07\" data-element_type=\"container\" id=\"cmg-slider-dots-1\" data-settings=\"{&quot;background_background&quot;:&quot;slideshow&quot;,&quot;shape_divider_bottom&quot;:&quot;waves&quot;,&quot;background_slideshow_gallery&quot;:[{&quot;id&quot;:381,&quot;url&quot;:&quot;https:\\\/\\\/www.welcomecamogli.it\\\/wp-content\\\/uploads\\\/2025\\\/11\\\/scopri_slideshow01_il_mare.jpg&quot;},{&quot;id&quot;:385,&quot;url&quot;:&quot;https:\\\/\\\/www.welcomecamogli.it\\\/wp-content\\\/uploads\\\/2025\\\/11\\\/scopri_slideshow02_il_mare.jpg&quot;},{&quot;id&quot;:2332,&quot;url&quot;:&quot;https:\\\/\\\/www.welcomecamogli.it\\\/wp-content\\\/uploads\\\/2026\\\/03\\\/scopri_slideshow03_il_mare_NEW.jpg&quot;}],&quot;background_slideshow_slide_duration&quot;:4000,&quot;background_slideshow_loop&quot;:&quot;yes&quot;,&quot;background_slideshow_slide_transition&quot;:&quot;fade&quot;,&quot;background_slideshow_transition_duration&quot;:500}\">\n\t\t\t\t\t<div class=\"e-con-inner\">\n\t\t\t\t<div class=\"elementor-shape elementor-shape-bottom\" aria-hidden=\"true\" data-negative=\"false\">\n\t\t\t<svg xmlns=\"http:\/\/www.w3.org\/2000\/svg\" viewBox=\"0 0 1000 100\" preserveAspectRatio=\"none\">\n\t<path class=\"elementor-shape-fill\" d=\"M421.9,6.5c22.6-2.5,51.5,0.4,75.5,5.3c23.6,4.9,70.9,23.5,100.5,35.7c75.8,32.2,133.7,44.5,192.6,49.7\n\tc23.6,2.1,48.7,3.5,103.4-2.5c54.7-6,106.2-25.6,106.2-25.6V0H0v30.3c0,0,72,32.6,158.4,30.5c39.2-0.7,92.8-6.7,134-22.4\n\tc21.2-8.1,52.2-18.2,79.7-24.2C399.3,7.9,411.6,7.5,421.9,6.5z\"\/>\n<\/svg>\t\t<\/div>\n\t\t\t\t\t<\/div>\n\t\t\t\t<\/div>\n\t\t<div class=\"elementor-element elementor-element-73ffdce e-flex e-con-boxed e-con e-parent\" data-id=\"73ffdce\" data-element_type=\"container\">\n\t\t\t\t\t<div class=\"e-con-inner\">\n\t\t\t\t<div class=\"elementor-element elementor-element-e51f34e elementor-invisible elementor-widget elementor-widget-heading\" data-id=\"e51f34e\" data-element_type=\"widget\" data-settings=\"{&quot;_animation&quot;:&quot;fadeInUp&quot;}\" data-widget_type=\"heading.default\">\n\t\t\t\t\t<h1 class=\"elementor-heading-title elementor-size-default\">La mer<\/h1>\t\t\t\t<\/div>\n\t\t\t\t<div class=\"elementor-element elementor-element-d929d49 elementor-invisible elementor-widget elementor-widget-text-editor\" data-id=\"d929d49\" data-element_type=\"widget\" data-settings=\"{&quot;_animation&quot;:&quot;fadeIn&quot;,&quot;_animation_delay&quot;:200}\" data-widget_type=\"text-editor.default\">\n\t\t\t\t\t\t\t\t\t<p>La mer est la grande protagoniste de ces lieux: il faut la vivre \u00e0 360\u00b0, comme pure d\u00e9tente, tranquillement sur la <strong>plage<\/strong> ou, pour les plus aventuriers, \u00e0 travers des excursions en bateau, en cano\u00eb ou en plong\u00e9e.<br \/><br \/>Pour les amateurs de confort, la plage de Camogli, situ\u00e9e Via Garibaldi, est compos\u00e9e de petits galets et elle est dot\u00e9e de services en tout genre: \u00e9tablissements baln\u00e9aires, location d\u2019\u00e9quipements de sports aquatiques, possibilit\u00e9 de r\u00e9server des excursions.<\/p>\t\t\t\t\t\t\t\t<\/div>\n\t\t\t\t<div class=\"elementor-element elementor-element-05fd04e elementor-align-center elementor-invisible elementor-widget elementor-widget-button\" data-id=\"05fd04e\" data-element_type=\"widget\" data-settings=\"{&quot;_animation&quot;:&quot;fadeInUp&quot;}\" data-widget_type=\"button.default\">\n\t\t\t\t\t\t\t\t\t\t<a class=\"elementor-button elementor-button-link elementor-size-sm\" href=\"https:\/\/www.welcomecamogli.it\/fr\/vivre-camogli\/vivre-la-mer\/\">\n\t\t\t\t\t\t<span class=\"elementor-button-content-wrapper\">\n\t\t\t\t\t\t\t\t\t<span class=\"elementor-button-text\">Vivre la mer<\/span>\n\t\t\t\t\t<\/span>\n\t\t\t\t\t<\/a>\n\t\t\t\t\t\t\t\t<\/div>\n\t\t\t\t\t<\/div>\n\t\t\t\t<\/div>\n\t\t<div class=\"elementor-element elementor-element-d428270 e-flex e-con-boxed e-con e-parent\" data-id=\"d428270\" data-element_type=\"container\" id=\"cmg-slider-arrow-1\" data-settings=\"{&quot;background_background&quot;:&quot;slideshow&quot;,&quot;shape_divider_bottom&quot;:&quot;waves&quot;,&quot;background_slideshow_gallery&quot;:[{&quot;id&quot;:369,&quot;url&quot;:&quot;https:\\\/\\\/www.welcomecamogli.it\\\/wp-content\\\/uploads\\\/2025\\\/11\\\/scopri_onda01_camogli.jpg&quot;},{&quot;id&quot;:373,&quot;url&quot;:&quot;https:\\\/\\\/www.welcomecamogli.it\\\/wp-content\\\/uploads\\\/2025\\\/11\\\/scopri_onda02_camogli.jpg&quot;},{&quot;id&quot;:377,&quot;url&quot;:&quot;https:\\\/\\\/www.welcomecamogli.it\\\/wp-content\\\/uploads\\\/2025\\\/11\\\/scopri_onda03_camogli.jpg&quot;}],&quot;background_slideshow_slide_duration&quot;:4000,&quot;shape_divider_top&quot;:&quot;waves&quot;,&quot;shape_divider_top_negative&quot;:&quot;yes&quot;,&quot;background_slideshow_loop&quot;:&quot;yes&quot;,&quot;background_slideshow_slide_transition&quot;:&quot;fade&quot;,&quot;background_slideshow_transition_duration&quot;:500}\">\n\t\t\t\t\t<div class=\"e-con-inner\">\n\t\t\t\t<div class=\"elementor-shape elementor-shape-top\" aria-hidden=\"true\" data-negative=\"true\">\n\t\t\t<svg xmlns=\"http:\/\/www.w3.org\/2000\/svg\" viewBox=\"0 0 1000 100\" preserveAspectRatio=\"none\">\n\t<path class=\"elementor-shape-fill\" d=\"M790.5,93.1c-59.3-5.3-116.8-18-192.6-50c-29.6-12.7-76.9-31-100.5-35.9c-23.6-4.9-52.6-7.8-75.5-5.3\n\tc-10.2,1.1-22.6,1.4-50.1,7.4c-27.2,6.3-58.2,16.6-79.4,24.7c-41.3,15.9-94.9,21.9-134,22.6C72,58.2,0,25.8,0,25.8V100h1000V65.3\n\tc0,0-51.5,19.4-106.2,25.7C839.5,97,814.1,95.2,790.5,93.1z\"\/>\n<\/svg>\t\t<\/div>\n\t\t\t\t<div class=\"elementor-shape elementor-shape-bottom\" aria-hidden=\"true\" data-negative=\"false\">\n\t\t\t<svg xmlns=\"http:\/\/www.w3.org\/2000\/svg\" viewBox=\"0 0 1000 100\" preserveAspectRatio=\"none\">\n\t<path class=\"elementor-shape-fill\" d=\"M421.9,6.5c22.6-2.5,51.5,0.4,75.5,5.3c23.6,4.9,70.9,23.5,100.5,35.7c75.8,32.2,133.7,44.5,192.6,49.7\n\tc23.6,2.1,48.7,3.5,103.4-2.5c54.7-6,106.2-25.6,106.2-25.6V0H0v30.3c0,0,72,32.6,158.4,30.5c39.2-0.7,92.8-6.7,134-22.4\n\tc21.2-8.1,52.2-18.2,79.7-24.2C399.3,7.9,411.6,7.5,421.9,6.5z\"\/>\n<\/svg>\t\t<\/div>\n\t\t\t\t\t<\/div>\n\t\t\t\t<\/div>\n\t\t<div class=\"elementor-element elementor-element-885d78e e-flex e-con-boxed e-con e-parent\" data-id=\"885d78e\" data-element_type=\"container\">\n\t\t\t\t\t<div class=\"e-con-inner\">\n\t\t\t\t<div class=\"elementor-element elementor-element-42d7de3 elementor-invisible elementor-widget elementor-widget-text-editor\" data-id=\"42d7de3\" data-element_type=\"widget\" data-settings=\"{&quot;_animation&quot;:&quot;fadeIn&quot;,&quot;_animation_delay&quot;:200}\" data-widget_type=\"text-editor.default\">\n\t\t\t\t\t\t\t\t\t<p>En plus des \u00e9tablissements baln\u00e9aires, il est possible d\u2019acc\u00e9der \u00e0 <strong>des plages libres \u00e9quip\u00e9es,<\/strong> avec service de location de transats et chaises longues.<br \/><br \/>Le long de la promenade en bord de mer et sur le petit port, vous aurez l\u2019embarras du choix quant aux \u00e9tablissements typiques, tous avec des vues pittoresques sur les couleurs du village, pour siroter un agr\u00e9able ap\u00e9ritif ou d\u00e9guster un bon d\u00eener \u00e0 base de poisson ou go\u00fbter d\u2019autres sp\u00e9cialit\u00e9s ligures.<\/p>\t\t\t\t\t\t\t\t<\/div>\n\t\t\t\t\t<\/div>\n\t\t\t\t<\/div>\n\t\t<div class=\"elementor-element elementor-element-ca95360 e-flex e-con-boxed e-con e-parent\" data-id=\"ca95360\" data-element_type=\"container\" data-settings=\"{&quot;background_background&quot;:&quot;classic&quot;,&quot;shape_divider_bottom&quot;:&quot;waves&quot;,&quot;shape_divider_top&quot;:&quot;waves&quot;,&quot;shape_divider_top_negative&quot;:&quot;yes&quot;}\">\n\t\t\t\t\t<div class=\"e-con-inner\">\n\t\t\t\t<div class=\"elementor-shape elementor-shape-top\" aria-hidden=\"true\" data-negative=\"true\">\n\t\t\t<svg xmlns=\"http:\/\/www.w3.org\/2000\/svg\" viewBox=\"0 0 1000 100\" preserveAspectRatio=\"none\">\n\t<path class=\"elementor-shape-fill\" d=\"M790.5,93.1c-59.3-5.3-116.8-18-192.6-50c-29.6-12.7-76.9-31-100.5-35.9c-23.6-4.9-52.6-7.8-75.5-5.3\n\tc-10.2,1.1-22.6,1.4-50.1,7.4c-27.2,6.3-58.2,16.6-79.4,24.7c-41.3,15.9-94.9,21.9-134,22.6C72,58.2,0,25.8,0,25.8V100h1000V65.3\n\tc0,0-51.5,19.4-106.2,25.7C839.5,97,814.1,95.2,790.5,93.1z\"\/>\n<\/svg>\t\t<\/div>\n\t\t\t\t<div class=\"elementor-shape elementor-shape-bottom\" aria-hidden=\"true\" data-negative=\"false\">\n\t\t\t<svg xmlns=\"http:\/\/www.w3.org\/2000\/svg\" viewBox=\"0 0 1000 100\" preserveAspectRatio=\"none\">\n\t<path class=\"elementor-shape-fill\" d=\"M421.9,6.5c22.6-2.5,51.5,0.4,75.5,5.3c23.6,4.9,70.9,23.5,100.5,35.7c75.8,32.2,133.7,44.5,192.6,49.7\n\tc23.6,2.1,48.7,3.5,103.4-2.5c54.7-6,106.2-25.6,106.2-25.6V0H0v30.3c0,0,72,32.6,158.4,30.5c39.2-0.7,92.8-6.7,134-22.4\n\tc21.2-8.1,52.2-18.2,79.7-24.2C399.3,7.9,411.6,7.5,421.9,6.5z\"\/>\n<\/svg>\t\t<\/div>\n\t\t<div class=\"elementor-element elementor-element-e7e752a e-con-full e-flex e-con e-child\" data-id=\"e7e752a\" data-element_type=\"container\">\n\t\t\t\t<div class=\"elementor-element elementor-element-132b555 elementor-invisible elementor-widget elementor-widget-image\" data-id=\"132b555\" data-element_type=\"widget\" data-settings=\"{&quot;_animation&quot;:&quot;zoomIn&quot;}\" data-widget_type=\"image.default\">\n\t\t\t\t\t\t\t\t\t\t\t\t\t\t\t<img decoding=\"async\" width=\"142\" height=\"138\" src=\"https:\/\/www.welcomecamogli.it\/wp-content\/uploads\/2025\/11\/scopri_icona_bandiera_blu.png\" class=\"attachment-large size-large wp-image-419\" alt=\"\" \/>\t\t\t\t\t\t\t\t\t\t\t\t\t\t\t<\/div>\n\t\t\t\t<div class=\"elementor-element elementor-element-5ee93e6 elementor-widget elementor-widget-heading\" data-id=\"5ee93e6\" data-element_type=\"widget\" data-widget_type=\"heading.default\">\n\t\t\t\t\t<h2 class=\"elementor-heading-title elementor-size-default\">PAVILLON BLEU <\/h2>\t\t\t\t<\/div>\n\t\t\t\t<div class=\"elementor-element elementor-element-4c1beed elementor-widget elementor-widget-text-editor\" data-id=\"4c1beed\" data-element_type=\"widget\" data-widget_type=\"text-editor.default\">\n\t\t\t\t\t\t\t\t\t<p>Le<strong> Pavillon bleu<\/strong> est la r\u00e9compense de l\u2019Union europ\u00e9enne pour les meilleures <strong>plages <\/strong>et<strong> pour les ports touristiques<\/strong> qui ont d\u00e9montr\u00e9 leur attention envers l\u2019environnement.<br \/><br \/>Camogli a re\u00e7u la prestigieuse r\u00e9compense apr\u00e8s des \u00e9valuations et v\u00e9rifications soign\u00e9es, notamment concernant la propret\u00e9 de la mer, le respect de l\u2019environnement et les services propos\u00e9s.<\/p>\t\t\t\t\t\t\t\t<\/div>\n\t\t\t\t<\/div>\n\t\t\t\t\t<\/div>\n\t\t\t\t<\/div>\n\t\t<div class=\"elementor-element elementor-element-f94c6bf e-flex e-con-boxed e-con e-parent\" data-id=\"f94c6bf\" data-element_type=\"container\">\n\t\t\t\t\t<div class=\"e-con-inner\">\n\t\t<div class=\"elementor-element elementor-element-9b38eb3 e-con-full e-flex e-con e-child\" data-id=\"9b38eb3\" data-element_type=\"container\">\n\t\t\t\t<div class=\"elementor-element elementor-element-23adac8 elementor-invisible elementor-widget elementor-widget-image\" data-id=\"23adac8\" data-element_type=\"widget\" data-settings=\"{&quot;_animation&quot;:&quot;zoomIn&quot;}\" data-widget_type=\"image.default\">\n\t\t\t\t\t\t\t\t\t\t\t\t\t\t\t<img decoding=\"async\" width=\"205\" height=\"123\" src=\"https:\/\/www.welcomecamogli.it\/wp-content\/uploads\/2025\/11\/scopri_icona_bandiera_lilla.png\" class=\"attachment-large size-large wp-image-395\" alt=\"\" \/>\t\t\t\t\t\t\t\t\t\t\t\t\t\t\t<\/div>\n\t\t\t\t<div class=\"elementor-element elementor-element-9848de4 elementor-widget elementor-widget-heading\" data-id=\"9848de4\" data-element_type=\"widget\" data-widget_type=\"heading.default\">\n\t\t\t\t\t<h2 class=\"elementor-heading-title elementor-size-default\">PAVILLON LILAS<\/h2>\t\t\t\t<\/div>\n\t\t\t\t<div class=\"elementor-element elementor-element-761da99 elementor-widget elementor-widget-text-editor\" data-id=\"761da99\" data-element_type=\"widget\" data-widget_type=\"text-editor.default\">\n\t\t\t\t\t\t\t\t\t<p>Le projet <strong>Pavillon lilas<\/strong>, n\u00e9 en 2012, se propose de <strong>d\u00e9velopper et d\u2019am\u00e9liorer l\u2019accueil des touristes handicap\u00e9s ayant des limitations<\/strong> visuelles, auditives, motrices ou encore les touristes ayant des pathologies alimentaires. Le Pavillon r\u00e9compense et soutient les communes qui pr\u00eatent attention \u00e0 ces utilisateurs.<br \/><br \/>Camogli fait partie de ces communes, et a obtenu le Pavillon lilas gr\u00e2ce aux interventions <strong>d\u2019\u00e9limination des barri\u00e8res architecturales<\/strong> comme la construction de rampes d\u2019acc\u00e8s, d\u2019ascenseurs publics, de toilettes pour handicap\u00e9s, de plages \u00e9quip\u00e9es et l\u2019accord avec la soci\u00e9t\u00e9 de chemins de fer nationale d\u2019\u00e9quiper la gare de deux ascenseurs.<\/p>\t\t\t\t\t\t\t\t<\/div>\n\t\t\t\t<\/div>\n\t\t\t\t\t<\/div>\n\t\t\t\t<\/div>\n\t\t\t\t<\/div>\n\t\t","protected":false},"excerpt":{"rendered":"<p>La mer La mer est la grande protagoniste de ces lieux: il faut la vivre \u00e0 360\u00b0, comme pure d\u00e9tente, tranquillement sur la plage ou, pour les plus aventuriers, \u00e0 travers des excursions en bateau, en cano\u00eb ou en plong\u00e9e. Pour les amateurs de confort, la plage de Camogli, situ\u00e9e Via Garibaldi, est compos\u00e9e de [&hellip;]<\/p>\n","protected":false},"author":3,"featured_media":1884,"parent":2637,"menu_order":0,"comment_status":"closed","ping_status":"closed","template":"","meta":{"_acf_changed":false,"footnotes":""},"class_list":["post-2821","page","type-page","status-publish","has-post-thumbnail","hentry"],"acf":[],"yoast_head":"<!-- This site is optimized with the Yoast SEO plugin v26.2 - https:\/\/yoast.com\/wordpress\/plugins\/seo\/ -->\n<title>La mer - Welcome Camogli<\/title>\n<meta name=\"robots\" content=\"index, follow, max-snippet:-1, max-image-preview:large, max-video-preview:-1\" \/>\n<link rel=\"canonical\" href=\"https:\/\/www.welcomecamogli.it\/fr\/decouvrir-camogli\/la-mer\/\" \/>\n<meta property=\"og:locale\" content=\"fr_FR\" \/>\n<meta property=\"og:type\" content=\"article\" \/>\n<meta property=\"og:title\" content=\"La mer - Welcome Camogli\" \/>\n<meta property=\"og:description\" content=\"La mer La mer est la grande protagoniste de ces lieux: il faut la vivre \u00e0 360\u00b0, comme pure d\u00e9tente, tranquillement sur la plage ou, pour les plus aventuriers, \u00e0 travers des excursions en bateau, en cano\u00eb ou en plong\u00e9e. Pour les amateurs de confort, la plage de Camogli, situ\u00e9e Via Garibaldi, est compos\u00e9e de [&hellip;]\" \/>\n<meta property=\"og:url\" content=\"https:\/\/www.welcomecamogli.it\/fr\/decouvrir-camogli\/la-mer\/\" \/>\n<meta property=\"og:site_name\" content=\"Welcome Camogli\" \/>\n<meta property=\"article:publisher\" content=\"https:\/\/www.facebook.com\/welcomecamogli\" \/>\n<meta property=\"article:modified_time\" content=\"2026-04-08T10:43:40+00:00\" \/>\n<meta property=\"og:image\" content=\"https:\/\/www.welcomecamogli.it\/wp-content\/uploads\/2026\/01\/vivi_slideshow03_vivere_mare_R.jpg\" \/>\n\t<meta property=\"og:image:width\" content=\"1920\" \/>\n\t<meta property=\"og:image:height\" content=\"914\" \/>\n\t<meta property=\"og:image:type\" content=\"image\/jpeg\" \/>\n<meta name=\"twitter:card\" content=\"summary_large_image\" \/>\n<meta name=\"twitter:label1\" content=\"Est. reading time\" \/>\n\t<meta name=\"twitter:data1\" content=\"3 minutes\" \/>\n<script type=\"application\/ld+json\" class=\"yoast-schema-graph\">{\"@context\":\"https:\/\/schema.org\",\"@graph\":[{\"@type\":\"WebPage\",\"@id\":\"https:\/\/www.welcomecamogli.it\/fr\/decouvrir-camogli\/la-mer\/\",\"url\":\"https:\/\/www.welcomecamogli.it\/fr\/decouvrir-camogli\/la-mer\/\",\"name\":\"La mer - Welcome Camogli\",\"isPartOf\":{\"@id\":\"https:\/\/www.welcomecamogli.it\/#website\"},\"primaryImageOfPage\":{\"@id\":\"https:\/\/www.welcomecamogli.it\/fr\/decouvrir-camogli\/la-mer\/#primaryimage\"},\"image\":{\"@id\":\"https:\/\/www.welcomecamogli.it\/fr\/decouvrir-camogli\/la-mer\/#primaryimage\"},\"thumbnailUrl\":\"https:\/\/www.welcomecamogli.it\/wp-content\/uploads\/2026\/01\/vivi_slideshow03_vivere_mare_R.jpg\",\"datePublished\":\"2025-11-04T13:51:31+00:00\",\"dateModified\":\"2026-04-08T10:43:40+00:00\",\"breadcrumb\":{\"@id\":\"https:\/\/www.welcomecamogli.it\/fr\/decouvrir-camogli\/la-mer\/#breadcrumb\"},\"inLanguage\":\"fr-FR\",\"potentialAction\":[{\"@type\":\"ReadAction\",\"target\":[\"https:\/\/www.welcomecamogli.it\/fr\/decouvrir-camogli\/la-mer\/\"]}]},{\"@type\":\"ImageObject\",\"inLanguage\":\"fr-FR\",\"@id\":\"https:\/\/www.welcomecamogli.it\/fr\/decouvrir-camogli\/la-mer\/#primaryimage\",\"url\":\"https:\/\/www.welcomecamogli.it\/wp-content\/uploads\/2026\/01\/vivi_slideshow03_vivere_mare_R.jpg\",\"contentUrl\":\"https:\/\/www.welcomecamogli.it\/wp-content\/uploads\/2026\/01\/vivi_slideshow03_vivere_mare_R.jpg\",\"width\":1920,\"height\":914},{\"@type\":\"BreadcrumbList\",\"@id\":\"https:\/\/www.welcomecamogli.it\/fr\/decouvrir-camogli\/la-mer\/#breadcrumb\",\"itemListElement\":[{\"@type\":\"ListItem\",\"position\":1,\"name\":\"Home\",\"item\":\"https:\/\/www.welcomecamogli.it\/fr\/\"},{\"@type\":\"ListItem\",\"position\":2,\"name\":\"D\u00e9couvrir Camogli\",\"item\":\"https:\/\/www.welcomecamogli.it\/fr\/decouvrir-camogli\/\"},{\"@type\":\"ListItem\",\"position\":3,\"name\":\"La mer\"}]},{\"@type\":\"WebSite\",\"@id\":\"https:\/\/www.welcomecamogli.it\/#website\",\"url\":\"https:\/\/www.welcomecamogli.it\/\",\"name\":\"Welcome Camogli\",\"description\":\"\",\"publisher\":{\"@id\":\"https:\/\/www.welcomecamogli.it\/#organization\"},\"potentialAction\":[{\"@type\":\"SearchAction\",\"target\":{\"@type\":\"EntryPoint\",\"urlTemplate\":\"https:\/\/www.welcomecamogli.it\/?s={search_term_string}\"},\"query-input\":{\"@type\":\"PropertyValueSpecification\",\"valueRequired\":true,\"valueName\":\"search_term_string\"}}],\"inLanguage\":\"fr-FR\"},{\"@type\":\"Organization\",\"@id\":\"https:\/\/www.welcomecamogli.it\/#organization\",\"name\":\"Welcome Camogli\",\"url\":\"https:\/\/www.welcomecamogli.it\/\",\"logo\":{\"@type\":\"ImageObject\",\"inLanguage\":\"fr-FR\",\"@id\":\"https:\/\/www.welcomecamogli.it\/#\/schema\/logo\/image\/\",\"url\":\"https:\/\/www.welcomecamogli.it\/wp-content\/uploads\/2025\/10\/logo_welcome_camogli.png\",\"contentUrl\":\"https:\/\/www.welcomecamogli.it\/wp-content\/uploads\/2025\/10\/logo_welcome_camogli.png\",\"width\":199,\"height\":67,\"caption\":\"Welcome Camogli\"},\"image\":{\"@id\":\"https:\/\/www.welcomecamogli.it\/#\/schema\/logo\/image\/\"},\"sameAs\":[\"https:\/\/www.facebook.com\/welcomecamogli\",\"https:\/\/www.youtube.com\/channel\/UCBCixdygwXvBPu8ndWQ_MRw\",\"https:\/\/www.instagram.com\/welcome_camogli\/\"]}]}<\/script>\n<!-- \/ Yoast SEO plugin. -->","yoast_head_json":{"title":"La mer - Welcome Camogli","robots":{"index":"index","follow":"follow","max-snippet":"max-snippet:-1","max-image-preview":"max-image-preview:large","max-video-preview":"max-video-preview:-1"},"canonical":"https:\/\/www.welcomecamogli.it\/fr\/decouvrir-camogli\/la-mer\/","og_locale":"fr_FR","og_type":"article","og_title":"La mer - Welcome Camogli","og_description":"La mer La mer est la grande protagoniste de ces lieux: il faut la vivre \u00e0 360\u00b0, comme pure d\u00e9tente, tranquillement sur la plage ou, pour les plus aventuriers, \u00e0 travers des excursions en bateau, en cano\u00eb ou en plong\u00e9e. Pour les amateurs de confort, la plage de Camogli, situ\u00e9e Via Garibaldi, est compos\u00e9e de [&hellip;]","og_url":"https:\/\/www.welcomecamogli.it\/fr\/decouvrir-camogli\/la-mer\/","og_site_name":"Welcome Camogli","article_publisher":"https:\/\/www.facebook.com\/welcomecamogli","article_modified_time":"2026-04-08T10:43:40+00:00","og_image":[{"width":1920,"height":914,"url":"https:\/\/www.welcomecamogli.it\/wp-content\/uploads\/2026\/01\/vivi_slideshow03_vivere_mare_R.jpg","type":"image\/jpeg"}],"twitter_card":"summary_large_image","twitter_misc":{"Est. reading time":"3 minutes"},"schema":{"@context":"https:\/\/schema.org","@graph":[{"@type":"WebPage","@id":"https:\/\/www.welcomecamogli.it\/fr\/decouvrir-camogli\/la-mer\/","url":"https:\/\/www.welcomecamogli.it\/fr\/decouvrir-camogli\/la-mer\/","name":"La mer - Welcome Camogli","isPartOf":{"@id":"https:\/\/www.welcomecamogli.it\/#website"},"primaryImageOfPage":{"@id":"https:\/\/www.welcomecamogli.it\/fr\/decouvrir-camogli\/la-mer\/#primaryimage"},"image":{"@id":"https:\/\/www.welcomecamogli.it\/fr\/decouvrir-camogli\/la-mer\/#primaryimage"},"thumbnailUrl":"https:\/\/www.welcomecamogli.it\/wp-content\/uploads\/2026\/01\/vivi_slideshow03_vivere_mare_R.jpg","datePublished":"2025-11-04T13:51:31+00:00","dateModified":"2026-04-08T10:43:40+00:00","breadcrumb":{"@id":"https:\/\/www.welcomecamogli.it\/fr\/decouvrir-camogli\/la-mer\/#breadcrumb"},"inLanguage":"fr-FR","potentialAction":[{"@type":"ReadAction","target":["https:\/\/www.welcomecamogli.it\/fr\/decouvrir-camogli\/la-mer\/"]}]},{"@type":"ImageObject","inLanguage":"fr-FR","@id":"https:\/\/www.welcomecamogli.it\/fr\/decouvrir-camogli\/la-mer\/#primaryimage","url":"https:\/\/www.welcomecamogli.it\/wp-content\/uploads\/2026\/01\/vivi_slideshow03_vivere_mare_R.jpg","contentUrl":"https:\/\/www.welcomecamogli.it\/wp-content\/uploads\/2026\/01\/vivi_slideshow03_vivere_mare_R.jpg","width":1920,"height":914},{"@type":"BreadcrumbList","@id":"https:\/\/www.welcomecamogli.it\/fr\/decouvrir-camogli\/la-mer\/#breadcrumb","itemListElement":[{"@type":"ListItem","position":1,"name":"Home","item":"https:\/\/www.welcomecamogli.it\/fr\/"},{"@type":"ListItem","position":2,"name":"D\u00e9couvrir Camogli","item":"https:\/\/www.welcomecamogli.it\/fr\/decouvrir-camogli\/"},{"@type":"ListItem","position":3,"name":"La mer"}]},{"@type":"WebSite","@id":"https:\/\/www.welcomecamogli.it\/#website","url":"https:\/\/www.welcomecamogli.it\/","name":"Welcome Camogli","description":"","publisher":{"@id":"https:\/\/www.welcomecamogli.it\/#organization"},"potentialAction":[{"@type":"SearchAction","target":{"@type":"EntryPoint","urlTemplate":"https:\/\/www.welcomecamogli.it\/?s={search_term_string}"},"query-input":{"@type":"PropertyValueSpecification","valueRequired":true,"valueName":"search_term_string"}}],"inLanguage":"fr-FR"},{"@type":"Organization","@id":"https:\/\/www.welcomecamogli.it\/#organization","name":"Welcome Camogli","url":"https:\/\/www.welcomecamogli.it\/","logo":{"@type":"ImageObject","inLanguage":"fr-FR","@id":"https:\/\/www.welcomecamogli.it\/#\/schema\/logo\/image\/","url":"https:\/\/www.welcomecamogli.it\/wp-content\/uploads\/2025\/10\/logo_welcome_camogli.png","contentUrl":"https:\/\/www.welcomecamogli.it\/wp-content\/uploads\/2025\/10\/logo_welcome_camogli.png","width":199,"height":67,"caption":"Welcome Camogli"},"image":{"@id":"https:\/\/www.welcomecamogli.it\/#\/schema\/logo\/image\/"},"sameAs":["https:\/\/www.facebook.com\/welcomecamogli","https:\/\/www.youtube.com\/channel\/UCBCixdygwXvBPu8ndWQ_MRw","https:\/\/www.instagram.com\/welcome_camogli\/"]}]}},"_links":{"self":[{"href":"https:\/\/www.welcomecamogli.it\/fr\/wp-json\/wp\/v2\/pages\/2821","targetHints":{"allow":["GET"]}}],"collection":[{"href":"https:\/\/www.welcomecamogli.it\/fr\/wp-json\/wp\/v2\/pages"}],"about":[{"href":"https:\/\/www.welcomecamogli.it\/fr\/wp-json\/wp\/v2\/types\/page"}],"author":[{"embeddable":true,"href":"https:\/\/www.welcomecamogli.it\/fr\/wp-json\/wp\/v2\/users\/3"}],"replies":[{"embeddable":true,"href":"https:\/\/www.welcomecamogli.it\/fr\/wp-json\/wp\/v2\/comments?post=2821"}],"version-history":[{"count":15,"href":"https:\/\/www.welcomecamogli.it\/fr\/wp-json\/wp\/v2\/pages\/2821\/revisions"}],"predecessor-version":[{"id":3429,"href":"https:\/\/www.welcomecamogli.it\/fr\/wp-json\/wp\/v2\/pages\/2821\/revisions\/3429"}],"up":[{"embeddable":true,"href":"https:\/\/www.welcomecamogli.it\/fr\/wp-json\/wp\/v2\/pages\/2637"}],"wp:featuredmedia":[{"embeddable":true,"href":"https:\/\/www.welcomecamogli.it\/fr\/wp-json\/wp\/v2\/media\/1884"}],"wp:attachment":[{"href":"https:\/\/www.welcomecamogli.it\/fr\/wp-json\/wp\/v2\/media?parent=2821"}],"curies":[{"name":"wp","href":"https:\/\/api.w.org\/{rel}","templated":true}]}}