{"id":2713,"date":"2025-11-20T16:13:33","date_gmt":"2025-11-20T16:13:33","guid":{"rendered":"https:\/\/www.welcomecamogli.it\/planen-sie-ihre-reise\/come-raggiungere\/"},"modified":"2026-04-01T16:47:26","modified_gmt":"2026-04-01T16:47:26","slug":"anreise-mobilitaet-vor-ort","status":"publish","type":"page","link":"https:\/\/www.welcomecamogli.it\/de\/reise-planen\/anreise-mobilitaet-vor-ort\/","title":{"rendered":"Anreise \/ Mobilit\u00e4t vor Ort"},"content":{"rendered":"\t\t<div data-elementor-type=\"wp-page\" data-elementor-id=\"2713\" class=\"elementor elementor-2713 elementor-890\" data-elementor-post-type=\"page\">\n\t\t\t\t<div class=\"elementor-element elementor-element-ffd1a07 e-flex e-con-boxed e-con e-parent\" data-id=\"ffd1a07\" data-element_type=\"container\" id=\"cmg-slider-dots-1\" data-settings=\"{&quot;background_background&quot;:&quot;slideshow&quot;,&quot;shape_divider_bottom&quot;:&quot;waves&quot;,&quot;background_slideshow_gallery&quot;:[{&quot;id&quot;:925,&quot;url&quot;:&quot;https:\\\/\\\/www.welcomecamogli.it\\\/wp-content\\\/uploads\\\/2025\\\/11\\\/organizza_slideshow01_camogli.jpg&quot;},{&quot;id&quot;:905,&quot;url&quot;:&quot;https:\\\/\\\/www.welcomecamogli.it\\\/wp-content\\\/uploads\\\/2025\\\/11\\\/organizza_slideshow02_camogli.jpg&quot;},{&quot;id&quot;:909,&quot;url&quot;:&quot;https:\\\/\\\/www.welcomecamogli.it\\\/wp-content\\\/uploads\\\/2025\\\/11\\\/organizza_slideshow03_camogli.jpg&quot;}],&quot;background_slideshow_loop&quot;:&quot;yes&quot;,&quot;background_slideshow_slide_duration&quot;:5000,&quot;background_slideshow_slide_transition&quot;:&quot;fade&quot;,&quot;background_slideshow_transition_duration&quot;:500}\">\n\t\t\t\t\t<div class=\"e-con-inner\">\n\t\t\t\t<div class=\"elementor-shape elementor-shape-bottom\" aria-hidden=\"true\" data-negative=\"false\">\n\t\t\t<svg xmlns=\"http:\/\/www.w3.org\/2000\/svg\" viewBox=\"0 0 1000 100\" preserveAspectRatio=\"none\">\n\t<path class=\"elementor-shape-fill\" d=\"M421.9,6.5c22.6-2.5,51.5,0.4,75.5,5.3c23.6,4.9,70.9,23.5,100.5,35.7c75.8,32.2,133.7,44.5,192.6,49.7\n\tc23.6,2.1,48.7,3.5,103.4-2.5c54.7-6,106.2-25.6,106.2-25.6V0H0v30.3c0,0,72,32.6,158.4,30.5c39.2-0.7,92.8-6.7,134-22.4\n\tc21.2-8.1,52.2-18.2,79.7-24.2C399.3,7.9,411.6,7.5,421.9,6.5z\"\/>\n<\/svg>\t\t<\/div>\n\t\t\t\t\t<\/div>\n\t\t\t\t<\/div>\n\t\t<div class=\"elementor-element elementor-element-73ffdce e-flex e-con-boxed e-con e-parent\" data-id=\"73ffdce\" data-element_type=\"container\">\n\t\t\t\t\t<div class=\"e-con-inner\">\n\t\t\t\t<div class=\"elementor-element elementor-element-e51f34e elementor-invisible elementor-widget elementor-widget-heading\" data-id=\"e51f34e\" data-element_type=\"widget\" data-settings=\"{&quot;_animation&quot;:&quot;fadeInUp&quot;}\" data-widget_type=\"heading.default\">\n\t\t\t\t\t<h1 class=\"elementor-heading-title elementor-size-default\">Wie man nach Camogli kommt<\/h1>\t\t\t\t<\/div>\n\t\t\t\t<div class=\"elementor-element elementor-element-d929d49 elementor-invisible elementor-widget elementor-widget-text-editor\" data-id=\"d929d49\" data-element_type=\"widget\" data-settings=\"{&quot;_animation&quot;:&quot;fadeIn&quot;,&quot;_animation_delay&quot;:200}\" data-widget_type=\"text-editor.default\">\n\t\t\t\t\t\t\t\t\t<p>Sie k\u00f6nnen das Verkehrsmittel w\u00e4hlen, das Ihren Bed\u00fcrfnissen und der Entfernung am besten entspricht. Ob mit dem Auto, dem Zug oder dem Flugzeug \u2013 die Anreise nach Camogli<strong> ist ganz einfach.<\/strong><\/p>\t\t\t\t\t\t\t\t<\/div>\n\t\t\t\t\t<\/div>\n\t\t\t\t<\/div>\n\t\t<div class=\"elementor-element elementor-element-01f63d9 e-flex e-con-boxed e-con e-parent\" data-id=\"01f63d9\" data-element_type=\"container\">\n\t\t\t\t\t<div class=\"e-con-inner\">\n\t\t<div class=\"elementor-element elementor-element-0269670 e-con-full e-flex elementor-invisible e-con e-child\" data-id=\"0269670\" data-element_type=\"container\" data-settings=\"{&quot;animation&quot;:&quot;fadeIn&quot;}\">\n\t\t\t\t<div class=\"elementor-element elementor-element-4a29322 elementor-widget elementor-widget-image\" data-id=\"4a29322\" data-element_type=\"widget\" data-widget_type=\"image.default\">\n\t\t\t\t\t\t\t\t\t\t\t\t\t\t\t<img decoding=\"async\" width=\"139\" height=\"147\" src=\"https:\/\/www.welcomecamogli.it\/wp-content\/uploads\/2025\/11\/icona_auto.png\" class=\"attachment-large size-large wp-image-920\" alt=\"\" \/>\t\t\t\t\t\t\t\t\t\t\t\t\t\t\t<\/div>\n\t\t\t\t<div class=\"elementor-element elementor-element-8c579bb elementor-widget elementor-widget-heading\" data-id=\"8c579bb\" data-element_type=\"widget\" data-widget_type=\"heading.default\">\n\t\t\t\t\t<h6 class=\"elementor-heading-title elementor-size-default\">MIT DEM AUTO<\/h6>\t\t\t\t<\/div>\n\t\t\t\t<div class=\"elementor-element elementor-element-ad50a91 elementor-widget elementor-widget-text-editor\" data-id=\"ad50a91\" data-element_type=\"widget\" data-widget_type=\"text-editor.default\">\n\t\t\t\t\t\t\t\t\t<p>Die wichtigste Autobahn ist die <strong>A12<\/strong> mit der Ausfahrt <strong>Recco<\/strong>. Von dort sind es etwa 2 km bis nach Camogli.<br \/>Wenn Sie auf der SS1 Aurelia unterwegs sind, biegen Sie, wenn Sie aus Richtung La Spezia kommen, kurz nach dem Ort Ruta nach Camogli ab; aus Richtung Genua erfolgt die Abzweigung nach Camogli im Zentrum von Recco.<\/p>\t\t\t\t\t\t\t\t<\/div>\n\t\t\t\t<\/div>\n\t\t<div class=\"elementor-element elementor-element-370fcc3 e-con-full e-flex elementor-invisible e-con e-child\" data-id=\"370fcc3\" data-element_type=\"container\" data-settings=\"{&quot;animation&quot;:&quot;fadeIn&quot;,&quot;animation_delay&quot;:200}\">\n\t\t\t\t<div class=\"elementor-element elementor-element-568a159 elementor-widget elementor-widget-image\" data-id=\"568a159\" data-element_type=\"widget\" data-widget_type=\"image.default\">\n\t\t\t\t\t\t\t\t\t\t\t\t\t\t\t<img decoding=\"async\" width=\"139\" height=\"147\" src=\"https:\/\/www.welcomecamogli.it\/wp-content\/uploads\/2025\/11\/icona_treno.png\" class=\"attachment-large size-large wp-image-924\" alt=\"\" \/>\t\t\t\t\t\t\t\t\t\t\t\t\t\t\t<\/div>\n\t\t\t\t<div class=\"elementor-element elementor-element-3fdffde elementor-widget elementor-widget-heading\" data-id=\"3fdffde\" data-element_type=\"widget\" data-widget_type=\"heading.default\">\n\t\t\t\t\t<h6 class=\"elementor-heading-title elementor-size-default\">MIT DEM ZUG<\/h6>\t\t\t\t<\/div>\n\t\t\t\t<div class=\"elementor-element elementor-element-8c4913a elementor-widget elementor-widget-text-editor\" data-id=\"8c4913a\" data-element_type=\"widget\" data-widget_type=\"text-editor.default\">\n\t\t\t\t\t\t\t\t\t<p>Dies ist sicherlich die praktischste L\u00f6sung. Der Zielbahnhof ist <strong>Camogli\u2013San Fruttuoso<\/strong>, an der Strecke <strong>Genua\u2013La Spezia gelegen<\/strong>.<br \/>Von Genua dauert die Fahrt etwa 20 Minuten, von La Spezia etwa eine Stunde und von Mailand etwas mehr als zwei Stunden.<\/p>\t\t\t\t\t\t\t\t<\/div>\n\t\t\t\t<\/div>\n\t\t<a class=\"elementor-element elementor-element-8a55939 e-con-full e-flex elementor-invisible e-con e-child\" data-id=\"8a55939\" data-element_type=\"container\" data-settings=\"{&quot;animation&quot;:&quot;fadeIn&quot;,&quot;animation_delay&quot;:400}\" href=\"https:\/\/www.welcomecamogli.it\/de\/reise-planen\/restaurants-und-bars\/\">\n\t\t\t\t<div class=\"elementor-element elementor-element-d1dc0c1 elementor-widget elementor-widget-image\" data-id=\"d1dc0c1\" data-element_type=\"widget\" data-widget_type=\"image.default\">\n\t\t\t\t\t\t\t\t\t\t\t\t\t\t\t<img decoding=\"async\" width=\"139\" height=\"147\" src=\"https:\/\/www.welcomecamogli.it\/wp-content\/uploads\/2025\/11\/icona_aereo.png\" class=\"attachment-large size-large wp-image-916\" alt=\"\" \/>\t\t\t\t\t\t\t\t\t\t\t\t\t\t\t<\/div>\n\t\t\t\t<div class=\"elementor-element elementor-element-0ff4d00 elementor-widget elementor-widget-heading\" data-id=\"0ff4d00\" data-element_type=\"widget\" data-widget_type=\"heading.default\">\n\t\t\t\t\t<h6 class=\"elementor-heading-title elementor-size-default\">MIT DEM FLUGZEUG<\/h6>\t\t\t\t<\/div>\n\t\t\t\t<div class=\"elementor-element elementor-element-934dbe7 elementor-widget elementor-widget-text-editor\" data-id=\"934dbe7\" data-element_type=\"widget\" data-widget_type=\"text-editor.default\">\n\t\t\t\t\t\t\t\t\t<p>Der n\u00e4chstgelegene und bequemste Referenzflughafen ist der <strong>Flughafen Cristoforo Colombo in Genua.<\/strong> Alternativ ist auch der<strong> Flughafen Galileo Galilei in Pisa<\/strong> eine ausgezeichnete Option mit guter Anbindung an das Eisenbahnnetz, ebenso wie die <strong>Flugh\u00e4fen Mailand Linate, Mailand Malpensa und Orio al Serio in Bergamo.<\/strong><\/p>\t\t\t\t\t\t\t\t<\/div>\n\t\t\t\t<\/a>\n\t\t\t\t\t<\/div>\n\t\t\t\t<\/div>\n\t\t<div class=\"elementor-element elementor-element-ee2d1e3 e-flex e-con-boxed e-con e-parent\" data-id=\"ee2d1e3\" data-element_type=\"container\" data-settings=\"{&quot;background_background&quot;:&quot;classic&quot;,&quot;shape_divider_bottom&quot;:&quot;waves&quot;,&quot;shape_divider_top&quot;:&quot;waves&quot;,&quot;shape_divider_top_negative&quot;:&quot;yes&quot;}\">\n\t\t\t\t\t<div class=\"e-con-inner\">\n\t\t\t\t<div class=\"elementor-shape elementor-shape-top\" aria-hidden=\"true\" data-negative=\"true\">\n\t\t\t<svg xmlns=\"http:\/\/www.w3.org\/2000\/svg\" viewBox=\"0 0 1000 100\" preserveAspectRatio=\"none\">\n\t<path class=\"elementor-shape-fill\" d=\"M790.5,93.1c-59.3-5.3-116.8-18-192.6-50c-29.6-12.7-76.9-31-100.5-35.9c-23.6-4.9-52.6-7.8-75.5-5.3\n\tc-10.2,1.1-22.6,1.4-50.1,7.4c-27.2,6.3-58.2,16.6-79.4,24.7c-41.3,15.9-94.9,21.9-134,22.6C72,58.2,0,25.8,0,25.8V100h1000V65.3\n\tc0,0-51.5,19.4-106.2,25.7C839.5,97,814.1,95.2,790.5,93.1z\"\/>\n<\/svg>\t\t<\/div>\n\t\t\t\t<div class=\"elementor-shape elementor-shape-bottom\" aria-hidden=\"true\" data-negative=\"false\">\n\t\t\t<svg xmlns=\"http:\/\/www.w3.org\/2000\/svg\" viewBox=\"0 0 1000 100\" preserveAspectRatio=\"none\">\n\t<path class=\"elementor-shape-fill\" d=\"M421.9,6.5c22.6-2.5,51.5,0.4,75.5,5.3c23.6,4.9,70.9,23.5,100.5,35.7c75.8,32.2,133.7,44.5,192.6,49.7\n\tc23.6,2.1,48.7,3.5,103.4-2.5c54.7-6,106.2-25.6,106.2-25.6V0H0v30.3c0,0,72,32.6,158.4,30.5c39.2-0.7,92.8-6.7,134-22.4\n\tc21.2-8.1,52.2-18.2,79.7-24.2C399.3,7.9,411.6,7.5,421.9,6.5z\"\/>\n<\/svg>\t\t<\/div>\n\t\t\t\t<div class=\"elementor-element elementor-element-afd6ee2 elementor-align-center elementor-invisible elementor-widget elementor-widget-button\" data-id=\"afd6ee2\" data-element_type=\"widget\" data-settings=\"{&quot;_animation&quot;:&quot;fadeInUp&quot;}\" data-widget_type=\"button.default\">\n\t\t\t\t\t\t\t\t\t\t<a class=\"elementor-button elementor-button-link elementor-size-sm\" href=\"https:\/\/www.welcomecamogli.it\/wp-content\/uploads\/2025\/11\/mappa-camogli.pdf\" target=\"_blank\">\n\t\t\t\t\t\t<span class=\"elementor-button-content-wrapper\">\n\t\t\t\t\t\t\t\t\t<span class=\"elementor-button-text\">Die Karte von Camogli<\/span>\n\t\t\t\t\t<\/span>\n\t\t\t\t\t<\/a>\n\t\t\t\t\t\t\t\t<\/div>\n\t\t\t\t\t<\/div>\n\t\t\t\t<\/div>\n\t\t\t\t<\/div>\n\t\t","protected":false},"excerpt":{"rendered":"<p>Wie man nach Camogli kommt Sie k\u00f6nnen das Verkehrsmittel w\u00e4hlen, das Ihren Bed\u00fcrfnissen und der Entfernung am besten entspricht. Ob mit dem Auto, dem Zug oder dem Flugzeug \u2013 die Anreise nach Camogli ist ganz einfach. MIT DEM AUTO Die wichtigste Autobahn ist die A12 mit der Ausfahrt Recco. Von dort sind es etwa 2 [&hellip;]<\/p>\n","protected":false},"author":3,"featured_media":1904,"parent":2697,"menu_order":0,"comment_status":"closed","ping_status":"closed","template":"","meta":{"_acf_changed":false,"footnotes":""},"class_list":["post-2713","page","type-page","status-publish","has-post-thumbnail","hentry"],"acf":[],"yoast_head":"<!-- This site is optimized with the Yoast SEO plugin v26.2 - https:\/\/yoast.com\/wordpress\/plugins\/seo\/ -->\n<title>Anreise \/ Mobilit\u00e4t vor Ort - Welcome Camogli<\/title>\n<meta name=\"robots\" content=\"index, follow, max-snippet:-1, max-image-preview:large, max-video-preview:-1\" \/>\n<link rel=\"canonical\" href=\"https:\/\/www.welcomecamogli.it\/de\/reise-planen\/anreise-mobilitaet-vor-ort\/\" \/>\n<meta property=\"og:locale\" content=\"de_DE\" \/>\n<meta property=\"og:type\" content=\"article\" \/>\n<meta property=\"og:title\" content=\"Anreise \/ Mobilit\u00e4t vor Ort - Welcome Camogli\" \/>\n<meta property=\"og:description\" content=\"Wie man nach Camogli kommt Sie k\u00f6nnen das Verkehrsmittel w\u00e4hlen, das Ihren Bed\u00fcrfnissen und der Entfernung am besten entspricht. Ob mit dem Auto, dem Zug oder dem Flugzeug \u2013 die Anreise nach Camogli ist ganz einfach. MIT DEM AUTO Die wichtigste Autobahn ist die A12 mit der Ausfahrt Recco. Von dort sind es etwa 2 [&hellip;]\" \/>\n<meta property=\"og:url\" content=\"https:\/\/www.welcomecamogli.it\/de\/reise-planen\/anreise-mobilitaet-vor-ort\/\" \/>\n<meta property=\"og:site_name\" content=\"Welcome Camogli\" \/>\n<meta property=\"article:publisher\" content=\"https:\/\/www.facebook.com\/welcomecamogli\" \/>\n<meta property=\"article:modified_time\" content=\"2026-04-01T16:47:26+00:00\" \/>\n<meta property=\"og:image\" content=\"https:\/\/www.welcomecamogli.it\/wp-content\/uploads\/2026\/01\/scopri_slideshow03_il_borgo_R.jpg\" \/>\n\t<meta property=\"og:image:width\" content=\"1920\" \/>\n\t<meta property=\"og:image:height\" content=\"914\" \/>\n\t<meta property=\"og:image:type\" content=\"image\/jpeg\" \/>\n<meta name=\"twitter:card\" content=\"summary_large_image\" \/>\n<meta name=\"twitter:label1\" content=\"Est. reading time\" \/>\n\t<meta name=\"twitter:data1\" content=\"2 minutes\" \/>\n<script type=\"application\/ld+json\" class=\"yoast-schema-graph\">{\"@context\":\"https:\/\/schema.org\",\"@graph\":[{\"@type\":\"WebPage\",\"@id\":\"https:\/\/www.welcomecamogli.it\/de\/reise-planen\/anreise-mobilitaet-vor-ort\/\",\"url\":\"https:\/\/www.welcomecamogli.it\/de\/reise-planen\/anreise-mobilitaet-vor-ort\/\",\"name\":\"Anreise \/ Mobilit\u00e4t vor Ort - Welcome Camogli\",\"isPartOf\":{\"@id\":\"https:\/\/www.welcomecamogli.it\/#website\"},\"primaryImageOfPage\":{\"@id\":\"https:\/\/www.welcomecamogli.it\/de\/reise-planen\/anreise-mobilitaet-vor-ort\/#primaryimage\"},\"image\":{\"@id\":\"https:\/\/www.welcomecamogli.it\/de\/reise-planen\/anreise-mobilitaet-vor-ort\/#primaryimage\"},\"thumbnailUrl\":\"https:\/\/www.welcomecamogli.it\/wp-content\/uploads\/2026\/01\/scopri_slideshow03_il_borgo_R.jpg\",\"datePublished\":\"2025-11-20T16:13:33+00:00\",\"dateModified\":\"2026-04-01T16:47:26+00:00\",\"breadcrumb\":{\"@id\":\"https:\/\/www.welcomecamogli.it\/de\/reise-planen\/anreise-mobilitaet-vor-ort\/#breadcrumb\"},\"inLanguage\":\"de-DE\",\"potentialAction\":[{\"@type\":\"ReadAction\",\"target\":[\"https:\/\/www.welcomecamogli.it\/de\/reise-planen\/anreise-mobilitaet-vor-ort\/\"]}]},{\"@type\":\"ImageObject\",\"inLanguage\":\"de-DE\",\"@id\":\"https:\/\/www.welcomecamogli.it\/de\/reise-planen\/anreise-mobilitaet-vor-ort\/#primaryimage\",\"url\":\"https:\/\/www.welcomecamogli.it\/wp-content\/uploads\/2026\/01\/scopri_slideshow03_il_borgo_R.jpg\",\"contentUrl\":\"https:\/\/www.welcomecamogli.it\/wp-content\/uploads\/2026\/01\/scopri_slideshow03_il_borgo_R.jpg\",\"width\":1920,\"height\":914},{\"@type\":\"BreadcrumbList\",\"@id\":\"https:\/\/www.welcomecamogli.it\/de\/reise-planen\/anreise-mobilitaet-vor-ort\/#breadcrumb\",\"itemListElement\":[{\"@type\":\"ListItem\",\"position\":1,\"name\":\"Home\",\"item\":\"https:\/\/www.welcomecamogli.it\/de\/\"},{\"@type\":\"ListItem\",\"position\":2,\"name\":\"Reise planen\",\"item\":\"https:\/\/www.welcomecamogli.it\/de\/reise-planen\/\"},{\"@type\":\"ListItem\",\"position\":3,\"name\":\"Anreise \/ Mobilit\u00e4t vor Ort\"}]},{\"@type\":\"WebSite\",\"@id\":\"https:\/\/www.welcomecamogli.it\/#website\",\"url\":\"https:\/\/www.welcomecamogli.it\/\",\"name\":\"Welcome Camogli\",\"description\":\"\",\"publisher\":{\"@id\":\"https:\/\/www.welcomecamogli.it\/#organization\"},\"potentialAction\":[{\"@type\":\"SearchAction\",\"target\":{\"@type\":\"EntryPoint\",\"urlTemplate\":\"https:\/\/www.welcomecamogli.it\/?s={search_term_string}\"},\"query-input\":{\"@type\":\"PropertyValueSpecification\",\"valueRequired\":true,\"valueName\":\"search_term_string\"}}],\"inLanguage\":\"de-DE\"},{\"@type\":\"Organization\",\"@id\":\"https:\/\/www.welcomecamogli.it\/#organization\",\"name\":\"Welcome Camogli\",\"url\":\"https:\/\/www.welcomecamogli.it\/\",\"logo\":{\"@type\":\"ImageObject\",\"inLanguage\":\"de-DE\",\"@id\":\"https:\/\/www.welcomecamogli.it\/#\/schema\/logo\/image\/\",\"url\":\"https:\/\/www.welcomecamogli.it\/wp-content\/uploads\/2025\/10\/logo_welcome_camogli.png\",\"contentUrl\":\"https:\/\/www.welcomecamogli.it\/wp-content\/uploads\/2025\/10\/logo_welcome_camogli.png\",\"width\":199,\"height\":67,\"caption\":\"Welcome Camogli\"},\"image\":{\"@id\":\"https:\/\/www.welcomecamogli.it\/#\/schema\/logo\/image\/\"},\"sameAs\":[\"https:\/\/www.facebook.com\/welcomecamogli\",\"https:\/\/www.youtube.com\/channel\/UCBCixdygwXvBPu8ndWQ_MRw\",\"https:\/\/www.instagram.com\/welcome_camogli\/\"]}]}<\/script>\n<!-- \/ Yoast SEO plugin. -->","yoast_head_json":{"title":"Anreise \/ Mobilit\u00e4t vor Ort - Welcome Camogli","robots":{"index":"index","follow":"follow","max-snippet":"max-snippet:-1","max-image-preview":"max-image-preview:large","max-video-preview":"max-video-preview:-1"},"canonical":"https:\/\/www.welcomecamogli.it\/de\/reise-planen\/anreise-mobilitaet-vor-ort\/","og_locale":"de_DE","og_type":"article","og_title":"Anreise \/ Mobilit\u00e4t vor Ort - Welcome Camogli","og_description":"Wie man nach Camogli kommt Sie k\u00f6nnen das Verkehrsmittel w\u00e4hlen, das Ihren Bed\u00fcrfnissen und der Entfernung am besten entspricht. Ob mit dem Auto, dem Zug oder dem Flugzeug \u2013 die Anreise nach Camogli ist ganz einfach. MIT DEM AUTO Die wichtigste Autobahn ist die A12 mit der Ausfahrt Recco. Von dort sind es etwa 2 [&hellip;]","og_url":"https:\/\/www.welcomecamogli.it\/de\/reise-planen\/anreise-mobilitaet-vor-ort\/","og_site_name":"Welcome Camogli","article_publisher":"https:\/\/www.facebook.com\/welcomecamogli","article_modified_time":"2026-04-01T16:47:26+00:00","og_image":[{"width":1920,"height":914,"url":"https:\/\/www.welcomecamogli.it\/wp-content\/uploads\/2026\/01\/scopri_slideshow03_il_borgo_R.jpg","type":"image\/jpeg"}],"twitter_card":"summary_large_image","twitter_misc":{"Est. reading time":"2 minutes"},"schema":{"@context":"https:\/\/schema.org","@graph":[{"@type":"WebPage","@id":"https:\/\/www.welcomecamogli.it\/de\/reise-planen\/anreise-mobilitaet-vor-ort\/","url":"https:\/\/www.welcomecamogli.it\/de\/reise-planen\/anreise-mobilitaet-vor-ort\/","name":"Anreise \/ Mobilit\u00e4t vor Ort - Welcome Camogli","isPartOf":{"@id":"https:\/\/www.welcomecamogli.it\/#website"},"primaryImageOfPage":{"@id":"https:\/\/www.welcomecamogli.it\/de\/reise-planen\/anreise-mobilitaet-vor-ort\/#primaryimage"},"image":{"@id":"https:\/\/www.welcomecamogli.it\/de\/reise-planen\/anreise-mobilitaet-vor-ort\/#primaryimage"},"thumbnailUrl":"https:\/\/www.welcomecamogli.it\/wp-content\/uploads\/2026\/01\/scopri_slideshow03_il_borgo_R.jpg","datePublished":"2025-11-20T16:13:33+00:00","dateModified":"2026-04-01T16:47:26+00:00","breadcrumb":{"@id":"https:\/\/www.welcomecamogli.it\/de\/reise-planen\/anreise-mobilitaet-vor-ort\/#breadcrumb"},"inLanguage":"de-DE","potentialAction":[{"@type":"ReadAction","target":["https:\/\/www.welcomecamogli.it\/de\/reise-planen\/anreise-mobilitaet-vor-ort\/"]}]},{"@type":"ImageObject","inLanguage":"de-DE","@id":"https:\/\/www.welcomecamogli.it\/de\/reise-planen\/anreise-mobilitaet-vor-ort\/#primaryimage","url":"https:\/\/www.welcomecamogli.it\/wp-content\/uploads\/2026\/01\/scopri_slideshow03_il_borgo_R.jpg","contentUrl":"https:\/\/www.welcomecamogli.it\/wp-content\/uploads\/2026\/01\/scopri_slideshow03_il_borgo_R.jpg","width":1920,"height":914},{"@type":"BreadcrumbList","@id":"https:\/\/www.welcomecamogli.it\/de\/reise-planen\/anreise-mobilitaet-vor-ort\/#breadcrumb","itemListElement":[{"@type":"ListItem","position":1,"name":"Home","item":"https:\/\/www.welcomecamogli.it\/de\/"},{"@type":"ListItem","position":2,"name":"Reise planen","item":"https:\/\/www.welcomecamogli.it\/de\/reise-planen\/"},{"@type":"ListItem","position":3,"name":"Anreise \/ Mobilit\u00e4t vor Ort"}]},{"@type":"WebSite","@id":"https:\/\/www.welcomecamogli.it\/#website","url":"https:\/\/www.welcomecamogli.it\/","name":"Welcome Camogli","description":"","publisher":{"@id":"https:\/\/www.welcomecamogli.it\/#organization"},"potentialAction":[{"@type":"SearchAction","target":{"@type":"EntryPoint","urlTemplate":"https:\/\/www.welcomecamogli.it\/?s={search_term_string}"},"query-input":{"@type":"PropertyValueSpecification","valueRequired":true,"valueName":"search_term_string"}}],"inLanguage":"de-DE"},{"@type":"Organization","@id":"https:\/\/www.welcomecamogli.it\/#organization","name":"Welcome Camogli","url":"https:\/\/www.welcomecamogli.it\/","logo":{"@type":"ImageObject","inLanguage":"de-DE","@id":"https:\/\/www.welcomecamogli.it\/#\/schema\/logo\/image\/","url":"https:\/\/www.welcomecamogli.it\/wp-content\/uploads\/2025\/10\/logo_welcome_camogli.png","contentUrl":"https:\/\/www.welcomecamogli.it\/wp-content\/uploads\/2025\/10\/logo_welcome_camogli.png","width":199,"height":67,"caption":"Welcome Camogli"},"image":{"@id":"https:\/\/www.welcomecamogli.it\/#\/schema\/logo\/image\/"},"sameAs":["https:\/\/www.facebook.com\/welcomecamogli","https:\/\/www.youtube.com\/channel\/UCBCixdygwXvBPu8ndWQ_MRw","https:\/\/www.instagram.com\/welcome_camogli\/"]}]}},"_links":{"self":[{"href":"https:\/\/www.welcomecamogli.it\/de\/wp-json\/wp\/v2\/pages\/2713","targetHints":{"allow":["GET"]}}],"collection":[{"href":"https:\/\/www.welcomecamogli.it\/de\/wp-json\/wp\/v2\/pages"}],"about":[{"href":"https:\/\/www.welcomecamogli.it\/de\/wp-json\/wp\/v2\/types\/page"}],"author":[{"embeddable":true,"href":"https:\/\/www.welcomecamogli.it\/de\/wp-json\/wp\/v2\/users\/3"}],"replies":[{"embeddable":true,"href":"https:\/\/www.welcomecamogli.it\/de\/wp-json\/wp\/v2\/comments?post=2713"}],"version-history":[{"count":18,"href":"https:\/\/www.welcomecamogli.it\/de\/wp-json\/wp\/v2\/pages\/2713\/revisions"}],"predecessor-version":[{"id":3407,"href":"https:\/\/www.welcomecamogli.it\/de\/wp-json\/wp\/v2\/pages\/2713\/revisions\/3407"}],"up":[{"embeddable":true,"href":"https:\/\/www.welcomecamogli.it\/de\/wp-json\/wp\/v2\/pages\/2697"}],"wp:featuredmedia":[{"embeddable":true,"href":"https:\/\/www.welcomecamogli.it\/de\/wp-json\/wp\/v2\/media\/1904"}],"wp:attachment":[{"href":"https:\/\/www.welcomecamogli.it\/de\/wp-json\/wp\/v2\/media?parent=2713"}],"curies":[{"name":"wp","href":"https:\/\/api.w.org\/{rel}","templated":true}]}}