{"id":2642,"date":"2025-11-04T13:51:31","date_gmt":"2025-11-04T13:51:31","guid":{"rendered":"https:\/\/www.welcomecamogli.it\/scopri-de\/il-mare\/"},"modified":"2026-03-20T09:23:06","modified_gmt":"2026-03-20T09:23:06","slug":"das-meer","status":"publish","type":"page","link":"https:\/\/www.welcomecamogli.it\/de\/camogli-entdecken\/das-meer\/","title":{"rendered":"Das meer"},"content":{"rendered":"\t\t<div data-elementor-type=\"wp-page\" data-elementor-id=\"2642\" class=\"elementor elementor-2642 elementor-367\" data-elementor-post-type=\"page\">\n\t\t\t\t<div class=\"elementor-element elementor-element-ffd1a07 e-flex e-con-boxed e-con e-parent\" data-id=\"ffd1a07\" data-element_type=\"container\" id=\"cmg-slider-dots-1\" data-settings=\"{&quot;background_background&quot;:&quot;slideshow&quot;,&quot;shape_divider_bottom&quot;:&quot;waves&quot;,&quot;background_slideshow_gallery&quot;:[{&quot;id&quot;:381,&quot;url&quot;:&quot;https:\\\/\\\/www.welcomecamogli.it\\\/wp-content\\\/uploads\\\/2025\\\/11\\\/scopri_slideshow01_il_mare.jpg&quot;},{&quot;id&quot;:385,&quot;url&quot;:&quot;https:\\\/\\\/www.welcomecamogli.it\\\/wp-content\\\/uploads\\\/2025\\\/11\\\/scopri_slideshow02_il_mare.jpg&quot;},{&quot;id&quot;:2332,&quot;url&quot;:&quot;https:\\\/\\\/www.welcomecamogli.it\\\/wp-content\\\/uploads\\\/2026\\\/03\\\/scopri_slideshow03_il_mare_NEW.jpg&quot;}],&quot;background_slideshow_slide_duration&quot;:4000,&quot;background_slideshow_loop&quot;:&quot;yes&quot;,&quot;background_slideshow_slide_transition&quot;:&quot;fade&quot;,&quot;background_slideshow_transition_duration&quot;:500}\">\n\t\t\t\t\t<div class=\"e-con-inner\">\n\t\t\t\t<div class=\"elementor-shape elementor-shape-bottom\" aria-hidden=\"true\" data-negative=\"false\">\n\t\t\t<svg xmlns=\"http:\/\/www.w3.org\/2000\/svg\" viewBox=\"0 0 1000 100\" preserveAspectRatio=\"none\">\n\t<path class=\"elementor-shape-fill\" d=\"M421.9,6.5c22.6-2.5,51.5,0.4,75.5,5.3c23.6,4.9,70.9,23.5,100.5,35.7c75.8,32.2,133.7,44.5,192.6,49.7\n\tc23.6,2.1,48.7,3.5,103.4-2.5c54.7-6,106.2-25.6,106.2-25.6V0H0v30.3c0,0,72,32.6,158.4,30.5c39.2-0.7,92.8-6.7,134-22.4\n\tc21.2-8.1,52.2-18.2,79.7-24.2C399.3,7.9,411.6,7.5,421.9,6.5z\"\/>\n<\/svg>\t\t<\/div>\n\t\t\t\t\t<\/div>\n\t\t\t\t<\/div>\n\t\t<div class=\"elementor-element elementor-element-73ffdce e-flex e-con-boxed e-con e-parent\" data-id=\"73ffdce\" data-element_type=\"container\">\n\t\t\t\t\t<div class=\"e-con-inner\">\n\t\t\t\t<div class=\"elementor-element elementor-element-e51f34e elementor-invisible elementor-widget elementor-widget-heading\" data-id=\"e51f34e\" data-element_type=\"widget\" data-settings=\"{&quot;_animation&quot;:&quot;fadeInUp&quot;}\" data-widget_type=\"heading.default\">\n\t\t\t\t\t<h1 class=\"elementor-heading-title elementor-size-default\">DAS MEER<\/h1>\t\t\t\t<\/div>\n\t\t\t\t<div class=\"elementor-element elementor-element-d929d49 elementor-invisible elementor-widget elementor-widget-text-editor\" data-id=\"d929d49\" data-element_type=\"widget\" data-settings=\"{&quot;_animation&quot;:&quot;fadeIn&quot;,&quot;_animation_delay&quot;:200}\" data-widget_type=\"text-editor.default\">\n\t\t\t\t\t\t\t\t\t<p>Das Meer ist das zentrale Element der Gegend, das man auf verschiedenste Art genie\u00dfen kann, zur reinen Entspannung, bequem am Strand oder, f\u00fcr die Abenteuerlustigen, mit Bootsfahrten, Kanufahren oder Tauchen.<\/p><p>F\u00fcr alle, die den Komfort liegen, bietet der an der Via Garibaldi gelegene <strong>Kiesstrand<\/strong> von Camogli alle Arten von Serviceleistungen: Badeanstalten, Verleih von Wassersportger\u00e4ten sowie die M\u00f6glichkeit, Ausfl\u00fcge zu buchen.<\/p>\t\t\t\t\t\t\t\t<\/div>\n\t\t\t\t<div class=\"elementor-element elementor-element-05fd04e elementor-align-center elementor-invisible elementor-widget elementor-widget-button\" data-id=\"05fd04e\" data-element_type=\"widget\" data-settings=\"{&quot;_animation&quot;:&quot;fadeInUp&quot;}\" data-widget_type=\"button.default\">\n\t\t\t\t\t\t\t\t\t\t<a class=\"elementor-button elementor-button-link elementor-size-sm\" href=\"https:\/\/www.welcomecamogli.it\/de\/camogli-erleben\/das-meer-erleben\/\">\n\t\t\t\t\t\t<span class=\"elementor-button-content-wrapper\">\n\t\t\t\t\t\t\t\t\t<span class=\"elementor-button-text\">Das Meer erleben<\/span>\n\t\t\t\t\t<\/span>\n\t\t\t\t\t<\/a>\n\t\t\t\t\t\t\t\t<\/div>\n\t\t\t\t\t<\/div>\n\t\t\t\t<\/div>\n\t\t<div class=\"elementor-element elementor-element-d428270 e-flex e-con-boxed e-con e-parent\" data-id=\"d428270\" data-element_type=\"container\" id=\"cmg-slider-arrow-1\" data-settings=\"{&quot;background_background&quot;:&quot;slideshow&quot;,&quot;shape_divider_bottom&quot;:&quot;waves&quot;,&quot;background_slideshow_gallery&quot;:[{&quot;id&quot;:369,&quot;url&quot;:&quot;https:\\\/\\\/www.welcomecamogli.it\\\/wp-content\\\/uploads\\\/2025\\\/11\\\/scopri_onda01_camogli.jpg&quot;},{&quot;id&quot;:373,&quot;url&quot;:&quot;https:\\\/\\\/www.welcomecamogli.it\\\/wp-content\\\/uploads\\\/2025\\\/11\\\/scopri_onda02_camogli.jpg&quot;},{&quot;id&quot;:377,&quot;url&quot;:&quot;https:\\\/\\\/www.welcomecamogli.it\\\/wp-content\\\/uploads\\\/2025\\\/11\\\/scopri_onda03_camogli.jpg&quot;}],&quot;background_slideshow_slide_duration&quot;:4000,&quot;shape_divider_top&quot;:&quot;waves&quot;,&quot;shape_divider_top_negative&quot;:&quot;yes&quot;,&quot;background_slideshow_loop&quot;:&quot;yes&quot;,&quot;background_slideshow_slide_transition&quot;:&quot;fade&quot;,&quot;background_slideshow_transition_duration&quot;:500}\">\n\t\t\t\t\t<div class=\"e-con-inner\">\n\t\t\t\t<div class=\"elementor-shape elementor-shape-top\" aria-hidden=\"true\" data-negative=\"true\">\n\t\t\t<svg xmlns=\"http:\/\/www.w3.org\/2000\/svg\" viewBox=\"0 0 1000 100\" preserveAspectRatio=\"none\">\n\t<path class=\"elementor-shape-fill\" d=\"M790.5,93.1c-59.3-5.3-116.8-18-192.6-50c-29.6-12.7-76.9-31-100.5-35.9c-23.6-4.9-52.6-7.8-75.5-5.3\n\tc-10.2,1.1-22.6,1.4-50.1,7.4c-27.2,6.3-58.2,16.6-79.4,24.7c-41.3,15.9-94.9,21.9-134,22.6C72,58.2,0,25.8,0,25.8V100h1000V65.3\n\tc0,0-51.5,19.4-106.2,25.7C839.5,97,814.1,95.2,790.5,93.1z\"\/>\n<\/svg>\t\t<\/div>\n\t\t\t\t<div class=\"elementor-shape elementor-shape-bottom\" aria-hidden=\"true\" data-negative=\"false\">\n\t\t\t<svg xmlns=\"http:\/\/www.w3.org\/2000\/svg\" viewBox=\"0 0 1000 100\" preserveAspectRatio=\"none\">\n\t<path class=\"elementor-shape-fill\" d=\"M421.9,6.5c22.6-2.5,51.5,0.4,75.5,5.3c23.6,4.9,70.9,23.5,100.5,35.7c75.8,32.2,133.7,44.5,192.6,49.7\n\tc23.6,2.1,48.7,3.5,103.4-2.5c54.7-6,106.2-25.6,106.2-25.6V0H0v30.3c0,0,72,32.6,158.4,30.5c39.2-0.7,92.8-6.7,134-22.4\n\tc21.2-8.1,52.2-18.2,79.7-24.2C399.3,7.9,411.6,7.5,421.9,6.5z\"\/>\n<\/svg>\t\t<\/div>\n\t\t\t\t\t<\/div>\n\t\t\t\t<\/div>\n\t\t<div class=\"elementor-element elementor-element-885d78e e-flex e-con-boxed e-con e-parent\" data-id=\"885d78e\" data-element_type=\"container\">\n\t\t\t\t\t<div class=\"e-con-inner\">\n\t\t\t\t<div class=\"elementor-element elementor-element-42d7de3 elementor-invisible elementor-widget elementor-widget-text-editor\" data-id=\"42d7de3\" data-element_type=\"widget\" data-settings=\"{&quot;_animation&quot;:&quot;fadeIn&quot;,&quot;_animation_delay&quot;:200}\" data-widget_type=\"text-editor.default\">\n\t\t\t\t\t\t\t\t\t<p>Neben den Badeanstalten gibt es auch gut <strong>ausgestattete \u00f6ffentliche Str\u00e4nde<\/strong>, an denen Sie Liegest\u00fchle und Sonnenliegen mieten k\u00f6nnen.<br \/><br \/>An der Strandpromenade und am kleinen Hafen gibt es eine F\u00fclle von typischen Lokalen, alle mit herrlichem Blick auf das typische Farbspiel des Ortes, wo man einen leckeren Aperitif trinken oder ein k\u00f6stliches Abendessen mit Fisch oder anderen typischen ligurischen Gerichten genie\u00dfen kann.<\/p>\t\t\t\t\t\t\t\t<\/div>\n\t\t\t\t\t<\/div>\n\t\t\t\t<\/div>\n\t\t<div class=\"elementor-element elementor-element-ca95360 e-flex e-con-boxed e-con e-parent\" data-id=\"ca95360\" data-element_type=\"container\" data-settings=\"{&quot;background_background&quot;:&quot;classic&quot;,&quot;shape_divider_bottom&quot;:&quot;waves&quot;,&quot;shape_divider_top&quot;:&quot;waves&quot;,&quot;shape_divider_top_negative&quot;:&quot;yes&quot;}\">\n\t\t\t\t\t<div class=\"e-con-inner\">\n\t\t\t\t<div class=\"elementor-shape elementor-shape-top\" aria-hidden=\"true\" data-negative=\"true\">\n\t\t\t<svg xmlns=\"http:\/\/www.w3.org\/2000\/svg\" viewBox=\"0 0 1000 100\" preserveAspectRatio=\"none\">\n\t<path class=\"elementor-shape-fill\" d=\"M790.5,93.1c-59.3-5.3-116.8-18-192.6-50c-29.6-12.7-76.9-31-100.5-35.9c-23.6-4.9-52.6-7.8-75.5-5.3\n\tc-10.2,1.1-22.6,1.4-50.1,7.4c-27.2,6.3-58.2,16.6-79.4,24.7c-41.3,15.9-94.9,21.9-134,22.6C72,58.2,0,25.8,0,25.8V100h1000V65.3\n\tc0,0-51.5,19.4-106.2,25.7C839.5,97,814.1,95.2,790.5,93.1z\"\/>\n<\/svg>\t\t<\/div>\n\t\t\t\t<div class=\"elementor-shape elementor-shape-bottom\" aria-hidden=\"true\" data-negative=\"false\">\n\t\t\t<svg xmlns=\"http:\/\/www.w3.org\/2000\/svg\" viewBox=\"0 0 1000 100\" preserveAspectRatio=\"none\">\n\t<path class=\"elementor-shape-fill\" d=\"M421.9,6.5c22.6-2.5,51.5,0.4,75.5,5.3c23.6,4.9,70.9,23.5,100.5,35.7c75.8,32.2,133.7,44.5,192.6,49.7\n\tc23.6,2.1,48.7,3.5,103.4-2.5c54.7-6,106.2-25.6,106.2-25.6V0H0v30.3c0,0,72,32.6,158.4,30.5c39.2-0.7,92.8-6.7,134-22.4\n\tc21.2-8.1,52.2-18.2,79.7-24.2C399.3,7.9,411.6,7.5,421.9,6.5z\"\/>\n<\/svg>\t\t<\/div>\n\t\t<div class=\"elementor-element elementor-element-e7e752a e-con-full e-flex e-con e-child\" data-id=\"e7e752a\" data-element_type=\"container\">\n\t\t\t\t<div class=\"elementor-element elementor-element-132b555 elementor-invisible elementor-widget elementor-widget-image\" data-id=\"132b555\" data-element_type=\"widget\" data-settings=\"{&quot;_animation&quot;:&quot;zoomIn&quot;}\" data-widget_type=\"image.default\">\n\t\t\t\t\t\t\t\t\t\t\t\t\t\t\t<img decoding=\"async\" width=\"142\" height=\"138\" src=\"https:\/\/www.welcomecamogli.it\/wp-content\/uploads\/2025\/11\/scopri_icona_bandiera_blu.png\" class=\"attachment-large size-large wp-image-420\" alt=\"\" \/>\t\t\t\t\t\t\t\t\t\t\t\t\t\t\t<\/div>\n\t\t\t\t<div class=\"elementor-element elementor-element-5ee93e6 elementor-widget elementor-widget-heading\" data-id=\"5ee93e6\" data-element_type=\"widget\" data-widget_type=\"heading.default\">\n\t\t\t\t\t<h2 class=\"elementor-heading-title elementor-size-default\">DIE BLAUE FLAGGE<\/h2>\t\t\t\t<\/div>\n\t\t\t\t<div class=\"elementor-element elementor-element-4c1beed elementor-widget elementor-widget-text-editor\" data-id=\"4c1beed\" data-element_type=\"widget\" data-widget_type=\"text-editor.default\">\n\t\t\t\t\t\t\t\t\t<p>Die <strong>Blaue Flagge<\/strong> ist eine Auszeichnung der Europ\u00e4ischen Union f\u00fcr die besten <strong>Str\u00e4nde und Hafenorte<\/strong>, die sich um die Umwelt verdient gemacht haben.<br \/><br \/>Camogli kann sich der angesehenen, nach sorgf\u00e4ltigen Bewertungen und Kontrollen verliehenen Auszeichnung erfreuen, und zwar insbesondere im Hinblick auf die Reinheit des Meeres, den Umweltschutz und die angebotenen Serviceleistungen.<\/p>\t\t\t\t\t\t\t\t<\/div>\n\t\t\t\t<\/div>\n\t\t\t\t\t<\/div>\n\t\t\t\t<\/div>\n\t\t<div class=\"elementor-element elementor-element-f94c6bf e-flex e-con-boxed e-con e-parent\" data-id=\"f94c6bf\" data-element_type=\"container\">\n\t\t\t\t\t<div class=\"e-con-inner\">\n\t\t<div class=\"elementor-element elementor-element-9b38eb3 e-con-full e-flex e-con e-child\" data-id=\"9b38eb3\" data-element_type=\"container\">\n\t\t\t\t<div class=\"elementor-element elementor-element-23adac8 elementor-invisible elementor-widget elementor-widget-image\" data-id=\"23adac8\" data-element_type=\"widget\" data-settings=\"{&quot;_animation&quot;:&quot;zoomIn&quot;}\" data-widget_type=\"image.default\">\n\t\t\t\t\t\t\t\t\t\t\t\t\t\t\t<img decoding=\"async\" width=\"205\" height=\"123\" src=\"https:\/\/www.welcomecamogli.it\/wp-content\/uploads\/2025\/11\/scopri_icona_bandiera_lilla.png\" class=\"attachment-large size-large wp-image-396\" alt=\"\" \/>\t\t\t\t\t\t\t\t\t\t\t\t\t\t\t<\/div>\n\t\t\t\t<div class=\"elementor-element elementor-element-9848de4 elementor-widget elementor-widget-heading\" data-id=\"9848de4\" data-element_type=\"widget\" data-widget_type=\"heading.default\">\n\t\t\t\t\t<h2 class=\"elementor-heading-title elementor-size-default\">LILA FLAGGE<\/h2>\t\t\t\t<\/div>\n\t\t\t\t<div class=\"elementor-element elementor-element-761da99 elementor-widget elementor-widget-text-editor\" data-id=\"761da99\" data-element_type=\"widget\" data-widget_type=\"text-editor.default\">\n\t\t\t\t\t\t\t\t\t<p>Das 2012 ins Leben gerufene Projekt <strong>&#8220;Bandiera Lilla&#8221; (lila Flagge)<\/strong> zielt darauf ab, den Aufenthalt f\u00fcr <strong>Touristen mit Seh-, H\u00f6r- und motorischen Behinderungen sowie mit Ern\u00e4hrungskrankheiten zu verbessern<\/strong>, dadurch dass Gemeinden, die diese Zielgruppe besonders ber\u00fccksichtigen, ausgezeichnet und unterst\u00fctzt werden.<\/p><p>Camogli ist eine dieser Gemeinden und wurde mit der lila Flagge ausgezeichnet, weil sie Ma\u00dfnahmen zur Beseitigung <strong>architektonischer Barrieren<\/strong> ergriffen hat, wie z. B. den Bau von Fu\u00dfg\u00e4nger\u00fcberwegen, \u00f6ffentlichen Aufz\u00fcgen, Behindertentoiletten, einem entsprechend ausgestatteten Strand und einer Vereinbarung mit der staatlichen Eisenbahn, den Bahnhof mit zwei Aufz\u00fcgen auszur\u00fcsten.<\/p>\t\t\t\t\t\t\t\t<\/div>\n\t\t\t\t<\/div>\n\t\t\t\t\t<\/div>\n\t\t\t\t<\/div>\n\t\t\t\t<\/div>\n\t\t","protected":false},"excerpt":{"rendered":"<p>DAS MEER Das Meer ist das zentrale Element der Gegend, das man auf verschiedenste Art genie\u00dfen kann, zur reinen Entspannung, bequem am Strand oder, f\u00fcr die Abenteuerlustigen, mit Bootsfahrten, Kanufahren oder Tauchen. F\u00fcr alle, die den Komfort liegen, bietet der an der Via Garibaldi gelegene Kiesstrand von Camogli alle Arten von Serviceleistungen: Badeanstalten, Verleih von [&hellip;]<\/p>\n","protected":false},"author":3,"featured_media":1885,"parent":2638,"menu_order":0,"comment_status":"closed","ping_status":"closed","template":"","meta":{"_acf_changed":false,"footnotes":""},"class_list":["post-2642","page","type-page","status-publish","has-post-thumbnail","hentry"],"acf":[],"yoast_head":"<!-- This site is optimized with the Yoast SEO plugin v26.2 - https:\/\/yoast.com\/wordpress\/plugins\/seo\/ -->\n<title>Das meer - Welcome Camogli<\/title>\n<meta name=\"robots\" content=\"index, follow, max-snippet:-1, max-image-preview:large, max-video-preview:-1\" \/>\n<link rel=\"canonical\" href=\"https:\/\/www.welcomecamogli.it\/de\/camogli-entdecken\/das-meer\/\" \/>\n<meta property=\"og:locale\" content=\"de_DE\" \/>\n<meta property=\"og:type\" content=\"article\" \/>\n<meta property=\"og:title\" content=\"Das meer - Welcome Camogli\" \/>\n<meta property=\"og:description\" content=\"DAS MEER Das Meer ist das zentrale Element der Gegend, das man auf verschiedenste Art genie\u00dfen kann, zur reinen Entspannung, bequem am Strand oder, f\u00fcr die Abenteuerlustigen, mit Bootsfahrten, Kanufahren oder Tauchen. F\u00fcr alle, die den Komfort liegen, bietet der an der Via Garibaldi gelegene Kiesstrand von Camogli alle Arten von Serviceleistungen: Badeanstalten, Verleih von [&hellip;]\" \/>\n<meta property=\"og:url\" content=\"https:\/\/www.welcomecamogli.it\/de\/camogli-entdecken\/das-meer\/\" \/>\n<meta property=\"og:site_name\" content=\"Welcome Camogli\" \/>\n<meta property=\"article:publisher\" content=\"https:\/\/www.facebook.com\/welcomecamogli\" \/>\n<meta property=\"article:modified_time\" content=\"2026-03-20T09:23:06+00:00\" \/>\n<meta property=\"og:image\" content=\"https:\/\/www.welcomecamogli.it\/wp-content\/uploads\/2026\/01\/vivi_slideshow03_vivere_mare_R.jpg\" \/>\n\t<meta property=\"og:image:width\" content=\"1920\" \/>\n\t<meta property=\"og:image:height\" content=\"914\" \/>\n\t<meta property=\"og:image:type\" content=\"image\/jpeg\" \/>\n<meta name=\"twitter:card\" content=\"summary_large_image\" \/>\n<meta name=\"twitter:label1\" content=\"Est. reading time\" \/>\n\t<meta name=\"twitter:data1\" content=\"2 minutes\" \/>\n<script type=\"application\/ld+json\" class=\"yoast-schema-graph\">{\"@context\":\"https:\/\/schema.org\",\"@graph\":[{\"@type\":\"WebPage\",\"@id\":\"https:\/\/www.welcomecamogli.it\/de\/camogli-entdecken\/das-meer\/\",\"url\":\"https:\/\/www.welcomecamogli.it\/de\/camogli-entdecken\/das-meer\/\",\"name\":\"Das meer - Welcome Camogli\",\"isPartOf\":{\"@id\":\"https:\/\/www.welcomecamogli.it\/#website\"},\"primaryImageOfPage\":{\"@id\":\"https:\/\/www.welcomecamogli.it\/de\/camogli-entdecken\/das-meer\/#primaryimage\"},\"image\":{\"@id\":\"https:\/\/www.welcomecamogli.it\/de\/camogli-entdecken\/das-meer\/#primaryimage\"},\"thumbnailUrl\":\"https:\/\/www.welcomecamogli.it\/wp-content\/uploads\/2026\/01\/vivi_slideshow03_vivere_mare_R.jpg\",\"datePublished\":\"2025-11-04T13:51:31+00:00\",\"dateModified\":\"2026-03-20T09:23:06+00:00\",\"breadcrumb\":{\"@id\":\"https:\/\/www.welcomecamogli.it\/de\/camogli-entdecken\/das-meer\/#breadcrumb\"},\"inLanguage\":\"de-DE\",\"potentialAction\":[{\"@type\":\"ReadAction\",\"target\":[\"https:\/\/www.welcomecamogli.it\/de\/camogli-entdecken\/das-meer\/\"]}]},{\"@type\":\"ImageObject\",\"inLanguage\":\"de-DE\",\"@id\":\"https:\/\/www.welcomecamogli.it\/de\/camogli-entdecken\/das-meer\/#primaryimage\",\"url\":\"https:\/\/www.welcomecamogli.it\/wp-content\/uploads\/2026\/01\/vivi_slideshow03_vivere_mare_R.jpg\",\"contentUrl\":\"https:\/\/www.welcomecamogli.it\/wp-content\/uploads\/2026\/01\/vivi_slideshow03_vivere_mare_R.jpg\",\"width\":1920,\"height\":914},{\"@type\":\"BreadcrumbList\",\"@id\":\"https:\/\/www.welcomecamogli.it\/de\/camogli-entdecken\/das-meer\/#breadcrumb\",\"itemListElement\":[{\"@type\":\"ListItem\",\"position\":1,\"name\":\"Home\",\"item\":\"https:\/\/www.welcomecamogli.it\/de\/\"},{\"@type\":\"ListItem\",\"position\":2,\"name\":\"Camogli entdecken\",\"item\":\"https:\/\/www.welcomecamogli.it\/de\/camogli-entdecken\/\"},{\"@type\":\"ListItem\",\"position\":3,\"name\":\"Das meer\"}]},{\"@type\":\"WebSite\",\"@id\":\"https:\/\/www.welcomecamogli.it\/#website\",\"url\":\"https:\/\/www.welcomecamogli.it\/\",\"name\":\"Welcome Camogli\",\"description\":\"\",\"publisher\":{\"@id\":\"https:\/\/www.welcomecamogli.it\/#organization\"},\"potentialAction\":[{\"@type\":\"SearchAction\",\"target\":{\"@type\":\"EntryPoint\",\"urlTemplate\":\"https:\/\/www.welcomecamogli.it\/?s={search_term_string}\"},\"query-input\":{\"@type\":\"PropertyValueSpecification\",\"valueRequired\":true,\"valueName\":\"search_term_string\"}}],\"inLanguage\":\"de-DE\"},{\"@type\":\"Organization\",\"@id\":\"https:\/\/www.welcomecamogli.it\/#organization\",\"name\":\"Welcome Camogli\",\"url\":\"https:\/\/www.welcomecamogli.it\/\",\"logo\":{\"@type\":\"ImageObject\",\"inLanguage\":\"de-DE\",\"@id\":\"https:\/\/www.welcomecamogli.it\/#\/schema\/logo\/image\/\",\"url\":\"https:\/\/www.welcomecamogli.it\/wp-content\/uploads\/2025\/10\/logo_welcome_camogli.png\",\"contentUrl\":\"https:\/\/www.welcomecamogli.it\/wp-content\/uploads\/2025\/10\/logo_welcome_camogli.png\",\"width\":199,\"height\":67,\"caption\":\"Welcome Camogli\"},\"image\":{\"@id\":\"https:\/\/www.welcomecamogli.it\/#\/schema\/logo\/image\/\"},\"sameAs\":[\"https:\/\/www.facebook.com\/welcomecamogli\",\"https:\/\/www.youtube.com\/channel\/UCBCixdygwXvBPu8ndWQ_MRw\",\"https:\/\/www.instagram.com\/welcome_camogli\/\"]}]}<\/script>\n<!-- \/ Yoast SEO plugin. -->","yoast_head_json":{"title":"Das meer - Welcome Camogli","robots":{"index":"index","follow":"follow","max-snippet":"max-snippet:-1","max-image-preview":"max-image-preview:large","max-video-preview":"max-video-preview:-1"},"canonical":"https:\/\/www.welcomecamogli.it\/de\/camogli-entdecken\/das-meer\/","og_locale":"de_DE","og_type":"article","og_title":"Das meer - Welcome Camogli","og_description":"DAS MEER Das Meer ist das zentrale Element der Gegend, das man auf verschiedenste Art genie\u00dfen kann, zur reinen Entspannung, bequem am Strand oder, f\u00fcr die Abenteuerlustigen, mit Bootsfahrten, Kanufahren oder Tauchen. F\u00fcr alle, die den Komfort liegen, bietet der an der Via Garibaldi gelegene Kiesstrand von Camogli alle Arten von Serviceleistungen: Badeanstalten, Verleih von [&hellip;]","og_url":"https:\/\/www.welcomecamogli.it\/de\/camogli-entdecken\/das-meer\/","og_site_name":"Welcome Camogli","article_publisher":"https:\/\/www.facebook.com\/welcomecamogli","article_modified_time":"2026-03-20T09:23:06+00:00","og_image":[{"width":1920,"height":914,"url":"https:\/\/www.welcomecamogli.it\/wp-content\/uploads\/2026\/01\/vivi_slideshow03_vivere_mare_R.jpg","type":"image\/jpeg"}],"twitter_card":"summary_large_image","twitter_misc":{"Est. reading time":"2 minutes"},"schema":{"@context":"https:\/\/schema.org","@graph":[{"@type":"WebPage","@id":"https:\/\/www.welcomecamogli.it\/de\/camogli-entdecken\/das-meer\/","url":"https:\/\/www.welcomecamogli.it\/de\/camogli-entdecken\/das-meer\/","name":"Das meer - Welcome Camogli","isPartOf":{"@id":"https:\/\/www.welcomecamogli.it\/#website"},"primaryImageOfPage":{"@id":"https:\/\/www.welcomecamogli.it\/de\/camogli-entdecken\/das-meer\/#primaryimage"},"image":{"@id":"https:\/\/www.welcomecamogli.it\/de\/camogli-entdecken\/das-meer\/#primaryimage"},"thumbnailUrl":"https:\/\/www.welcomecamogli.it\/wp-content\/uploads\/2026\/01\/vivi_slideshow03_vivere_mare_R.jpg","datePublished":"2025-11-04T13:51:31+00:00","dateModified":"2026-03-20T09:23:06+00:00","breadcrumb":{"@id":"https:\/\/www.welcomecamogli.it\/de\/camogli-entdecken\/das-meer\/#breadcrumb"},"inLanguage":"de-DE","potentialAction":[{"@type":"ReadAction","target":["https:\/\/www.welcomecamogli.it\/de\/camogli-entdecken\/das-meer\/"]}]},{"@type":"ImageObject","inLanguage":"de-DE","@id":"https:\/\/www.welcomecamogli.it\/de\/camogli-entdecken\/das-meer\/#primaryimage","url":"https:\/\/www.welcomecamogli.it\/wp-content\/uploads\/2026\/01\/vivi_slideshow03_vivere_mare_R.jpg","contentUrl":"https:\/\/www.welcomecamogli.it\/wp-content\/uploads\/2026\/01\/vivi_slideshow03_vivere_mare_R.jpg","width":1920,"height":914},{"@type":"BreadcrumbList","@id":"https:\/\/www.welcomecamogli.it\/de\/camogli-entdecken\/das-meer\/#breadcrumb","itemListElement":[{"@type":"ListItem","position":1,"name":"Home","item":"https:\/\/www.welcomecamogli.it\/de\/"},{"@type":"ListItem","position":2,"name":"Camogli entdecken","item":"https:\/\/www.welcomecamogli.it\/de\/camogli-entdecken\/"},{"@type":"ListItem","position":3,"name":"Das meer"}]},{"@type":"WebSite","@id":"https:\/\/www.welcomecamogli.it\/#website","url":"https:\/\/www.welcomecamogli.it\/","name":"Welcome Camogli","description":"","publisher":{"@id":"https:\/\/www.welcomecamogli.it\/#organization"},"potentialAction":[{"@type":"SearchAction","target":{"@type":"EntryPoint","urlTemplate":"https:\/\/www.welcomecamogli.it\/?s={search_term_string}"},"query-input":{"@type":"PropertyValueSpecification","valueRequired":true,"valueName":"search_term_string"}}],"inLanguage":"de-DE"},{"@type":"Organization","@id":"https:\/\/www.welcomecamogli.it\/#organization","name":"Welcome Camogli","url":"https:\/\/www.welcomecamogli.it\/","logo":{"@type":"ImageObject","inLanguage":"de-DE","@id":"https:\/\/www.welcomecamogli.it\/#\/schema\/logo\/image\/","url":"https:\/\/www.welcomecamogli.it\/wp-content\/uploads\/2025\/10\/logo_welcome_camogli.png","contentUrl":"https:\/\/www.welcomecamogli.it\/wp-content\/uploads\/2025\/10\/logo_welcome_camogli.png","width":199,"height":67,"caption":"Welcome Camogli"},"image":{"@id":"https:\/\/www.welcomecamogli.it\/#\/schema\/logo\/image\/"},"sameAs":["https:\/\/www.facebook.com\/welcomecamogli","https:\/\/www.youtube.com\/channel\/UCBCixdygwXvBPu8ndWQ_MRw","https:\/\/www.instagram.com\/welcome_camogli\/"]}]}},"_links":{"self":[{"href":"https:\/\/www.welcomecamogli.it\/de\/wp-json\/wp\/v2\/pages\/2642","targetHints":{"allow":["GET"]}}],"collection":[{"href":"https:\/\/www.welcomecamogli.it\/de\/wp-json\/wp\/v2\/pages"}],"about":[{"href":"https:\/\/www.welcomecamogli.it\/de\/wp-json\/wp\/v2\/types\/page"}],"author":[{"embeddable":true,"href":"https:\/\/www.welcomecamogli.it\/de\/wp-json\/wp\/v2\/users\/3"}],"replies":[{"embeddable":true,"href":"https:\/\/www.welcomecamogli.it\/de\/wp-json\/wp\/v2\/comments?post=2642"}],"version-history":[{"count":16,"href":"https:\/\/www.welcomecamogli.it\/de\/wp-json\/wp\/v2\/pages\/2642\/revisions"}],"predecessor-version":[{"id":2960,"href":"https:\/\/www.welcomecamogli.it\/de\/wp-json\/wp\/v2\/pages\/2642\/revisions\/2960"}],"up":[{"embeddable":true,"href":"https:\/\/www.welcomecamogli.it\/de\/wp-json\/wp\/v2\/pages\/2638"}],"wp:featuredmedia":[{"embeddable":true,"href":"https:\/\/www.welcomecamogli.it\/de\/wp-json\/wp\/v2\/media\/1885"}],"wp:attachment":[{"href":"https:\/\/www.welcomecamogli.it\/de\/wp-json\/wp\/v2\/media?parent=2642"}],"curies":[{"name":"wp","href":"https:\/\/api.w.org\/{rel}","templated":true}]}}