{"id":2627,"date":"2025-11-23T21:19:10","date_gmt":"2025-11-23T21:19:10","guid":{"rendered":"https:\/\/www.welcomecamogli.it\/attivita-e-servizi-de\/partner\/"},"modified":"2026-04-08T10:46:29","modified_gmt":"2026-04-08T10:46:29","slug":"partner","status":"publish","type":"page","link":"https:\/\/www.welcomecamogli.it\/de\/aktivitaeten-und-services\/partner\/","title":{"rendered":"Partner"},"content":{"rendered":"\t\t<div data-elementor-type=\"wp-page\" data-elementor-id=\"2627\" class=\"elementor elementor-2627 elementor-1223\" data-elementor-post-type=\"page\">\n\t\t\t\t<div class=\"elementor-element elementor-element-ffd1a07 e-flex e-con-boxed e-con e-parent\" data-id=\"ffd1a07\" data-element_type=\"container\" id=\"cmg-slider-dots-1\" data-settings=\"{&quot;background_background&quot;:&quot;slideshow&quot;,&quot;shape_divider_bottom&quot;:&quot;waves&quot;,&quot;background_slideshow_gallery&quot;:[{&quot;id&quot;:1260,&quot;url&quot;:&quot;https:\\\/\\\/www.welcomecamogli.it\\\/wp-content\\\/uploads\\\/2025\\\/11\\\/attivita_slideshow01_partner.jpg&quot;},{&quot;id&quot;:1264,&quot;url&quot;:&quot;https:\\\/\\\/www.welcomecamogli.it\\\/wp-content\\\/uploads\\\/2025\\\/11\\\/attivita_slideshow02_partner.jpg&quot;},{&quot;id&quot;:1268,&quot;url&quot;:&quot;https:\\\/\\\/www.welcomecamogli.it\\\/wp-content\\\/uploads\\\/2025\\\/11\\\/attivita_slideshow03_partner.jpg&quot;}],&quot;background_slideshow_loop&quot;:&quot;yes&quot;,&quot;background_slideshow_slide_duration&quot;:5000,&quot;background_slideshow_slide_transition&quot;:&quot;fade&quot;,&quot;background_slideshow_transition_duration&quot;:500}\">\n\t\t\t\t\t<div class=\"e-con-inner\">\n\t\t\t\t<div class=\"elementor-shape elementor-shape-bottom\" aria-hidden=\"true\" data-negative=\"false\">\n\t\t\t<svg xmlns=\"http:\/\/www.w3.org\/2000\/svg\" viewBox=\"0 0 1000 100\" preserveAspectRatio=\"none\">\n\t<path class=\"elementor-shape-fill\" d=\"M421.9,6.5c22.6-2.5,51.5,0.4,75.5,5.3c23.6,4.9,70.9,23.5,100.5,35.7c75.8,32.2,133.7,44.5,192.6,49.7\n\tc23.6,2.1,48.7,3.5,103.4-2.5c54.7-6,106.2-25.6,106.2-25.6V0H0v30.3c0,0,72,32.6,158.4,30.5c39.2-0.7,92.8-6.7,134-22.4\n\tc21.2-8.1,52.2-18.2,79.7-24.2C399.3,7.9,411.6,7.5,421.9,6.5z\"\/>\n<\/svg>\t\t<\/div>\n\t\t\t\t\t<\/div>\n\t\t\t\t<\/div>\n\t\t<div class=\"elementor-element elementor-element-73ffdce e-flex e-con-boxed e-con e-parent\" data-id=\"73ffdce\" data-element_type=\"container\">\n\t\t\t\t\t<div class=\"e-con-inner\">\n\t\t\t\t<div class=\"elementor-element elementor-element-e51f34e elementor-invisible elementor-widget elementor-widget-heading\" data-id=\"e51f34e\" data-element_type=\"widget\" data-settings=\"{&quot;_animation&quot;:&quot;fadeInUp&quot;}\" data-widget_type=\"heading.default\">\n\t\t\t\t\t<h1 class=\"elementor-heading-title elementor-size-default\">Unsere Partner<\/h1>\t\t\t\t<\/div>\n\t\t\t\t\t<\/div>\n\t\t\t\t<\/div>\n\t\t<div class=\"elementor-element elementor-element-01f63d9 e-flex e-con-boxed e-con e-parent\" data-id=\"01f63d9\" data-element_type=\"container\">\n\t\t\t\t\t<div class=\"e-con-inner\">\n\t\t<div class=\"elementor-element elementor-element-370fcc3 e-con-full e-flex elementor-invisible e-con e-child\" data-id=\"370fcc3\" data-element_type=\"container\" data-settings=\"{&quot;animation&quot;:&quot;fadeIn&quot;,&quot;animation_delay&quot;:200}\">\n\t\t\t\t<div class=\"elementor-element elementor-element-568a159 elementor-widget elementor-widget-image\" data-id=\"568a159\" data-element_type=\"widget\" data-widget_type=\"image.default\">\n\t\t\t\t\t\t\t\t\t\t\t\t\t\t\t<img decoding=\"async\" width=\"273\" height=\"53\" src=\"https:\/\/www.welcomecamogli.it\/wp-content\/uploads\/2025\/11\/logo_lamialiguria.png\" class=\"attachment-full size-full wp-image-1240\" alt=\"\" \/>\t\t\t\t\t\t\t\t\t\t\t\t\t\t\t<\/div>\n\t\t\t\t<div class=\"elementor-element elementor-element-8c4913a elementor-widget elementor-widget-text-editor\" data-id=\"8c4913a\" data-element_type=\"widget\" data-widget_type=\"text-editor.default\">\n\t\t\t\t\t\t\t\t\t<p>Die<strong> Regionale Agentur f\u00fcr Tourismusf\u00f6rderung<\/strong> In Liguria arbeitet t\u00e4glich mit Tourismusakteuren, Besuchern, B\u00fcrgern und Institutionen zusammen, um Ligurien in Italien und im Ausland zu bewerben, seinen Wert hervorzuheben und zu seinem wirtschaftlichen Wachstum beizutragen.<\/p>\t\t\t\t\t\t\t\t<\/div>\n\t\t\t\t<\/div>\n\t\t<div class=\"elementor-element elementor-element-e61f135 e-con-full e-flex elementor-invisible e-con e-child\" data-id=\"e61f135\" data-element_type=\"container\" data-settings=\"{&quot;animation&quot;:&quot;fadeIn&quot;}\">\n\t\t\t\t<div class=\"elementor-element elementor-element-229bea3 elementor-widget elementor-widget-image\" data-id=\"229bea3\" data-element_type=\"widget\" data-widget_type=\"image.default\">\n\t\t\t\t\t\t\t\t\t\t\t\t\t\t\t<img decoding=\"async\" width=\"136\" height=\"181\" src=\"https:\/\/www.welcomecamogli.it\/wp-content\/uploads\/2025\/11\/logo_parco_portofino.png\" class=\"attachment-full size-full wp-image-1248\" alt=\"\" \/>\t\t\t\t\t\t\t\t\t\t\t\t\t\t\t<\/div>\n\t\t\t\t<div class=\"elementor-element elementor-element-f24e7c9 elementor-widget elementor-widget-text-editor\" data-id=\"f24e7c9\" data-element_type=\"widget\" data-widget_type=\"text-editor.default\">\n\t\t\t\t\t\t\t\t\t<p>Die <strong>Autonome Beh\u00f6rde des Monte di Portofino<\/strong> wurde 1935 gegr\u00fcndet, um den Schutz und die Erhaltung des Gebiets zu gew\u00e4hrleisten. Sie legt Schutzrichtlinien fest, definiert Entwicklungsstrategien und arbeitet mit den lokalen Beh\u00f6rden zusammen, um die angrenzenden Gebiete aufzuwerten.<\/p>\t\t\t\t\t\t\t\t<\/div>\n\t\t\t\t<\/div>\n\t\t<div class=\"elementor-element elementor-element-ea52ce9 e-con-full e-flex elementor-invisible e-con e-child\" data-id=\"ea52ce9\" data-element_type=\"container\" data-settings=\"{&quot;animation&quot;:&quot;fadeIn&quot;,&quot;animation_delay&quot;:200}\">\n\t\t\t\t<div class=\"elementor-element elementor-element-b7c28f9 elementor-widget elementor-widget-image\" data-id=\"b7c28f9\" data-element_type=\"widget\" data-widget_type=\"image.default\">\n\t\t\t\t\t\t\t\t\t\t\t\t\t\t\t<img decoding=\"async\" width=\"225\" height=\"60\" src=\"https:\/\/www.welcomecamogli.it\/wp-content\/uploads\/2026\/03\/areamarinaportofino-logo.png\" class=\"attachment-full size-full wp-image-2259\" alt=\"\" \/>\t\t\t\t\t\t\t\t\t\t\t\t\t\t\t<\/div>\n\t\t\t\t<div class=\"elementor-element elementor-element-c721c20 elementor-widget elementor-widget-text-editor\" data-id=\"c721c20\" data-element_type=\"widget\" data-widget_type=\"text-editor.default\">\n\t\t\t\t\t\t\t\t\t<p>Das <strong>Meeresschutzgebiet Portofino ist ein Meeresschutzgebiet<\/strong>, das mit Dekret des Umweltministeriums vom 26. April 1999 eingerichtet wurde und seinen Sitz in Santa Margherita Ligure hat. Es befindet sich im \u00f6stlichen Teil der Metropolitanstadt Genua zwischen den Gemeinden Camogli, Santa Margherita Ligure und Portofino. Das Gebiet, das sich rund um das gleichnamige Vorgebirge erstreckt, wurde als besonders gesch\u00fctztes Gebiet von mediterraner Bedeutung ausgewiesen.<\/p>\t\t\t\t\t\t\t\t<\/div>\n\t\t\t\t<\/div>\n\t\t\t\t\t<\/div>\n\t\t\t\t<\/div>\n\t\t<div class=\"elementor-element elementor-element-0ccb543 e-flex e-con-boxed e-con e-parent\" data-id=\"0ccb543\" data-element_type=\"container\">\n\t\t\t\t\t<div class=\"e-con-inner\">\n\t\t<div class=\"elementor-element elementor-element-d786bff e-con-full e-flex elementor-invisible e-con e-child\" data-id=\"d786bff\" data-element_type=\"container\" data-settings=\"{&quot;animation&quot;:&quot;fadeIn&quot;,&quot;animation_delay&quot;:200}\">\n\t\t\t\t<div class=\"elementor-element elementor-element-c83e060 elementor-widget elementor-widget-image\" data-id=\"c83e060\" data-element_type=\"widget\" data-widget_type=\"image.default\">\n\t\t\t\t\t\t\t\t\t\t\t\t\t\t\t<img loading=\"lazy\" decoding=\"async\" width=\"225\" height=\"126\" src=\"https:\/\/www.welcomecamogli.it\/wp-content\/uploads\/2025\/11\/logo_FAI.png\" class=\"attachment-full size-full wp-image-1232\" alt=\"\" \/>\t\t\t\t\t\t\t\t\t\t\t\t\t\t\t<\/div>\n\t\t\t\t<div class=\"elementor-element elementor-element-fb52118 elementor-widget elementor-widget-text-editor\" data-id=\"fb52118\" data-element_type=\"widget\" data-widget_type=\"text-editor.default\">\n\t\t\t\t\t\t\t\t\t<p>Der <strong>FAI \u2013 Fondo per l\u2019Ambiente Italiano<\/strong> (Italienischer National Trust) ist eine gemeinn\u00fctzige Stiftung, die 1975 nach dem Vorbild des britischen National Trust gegr\u00fcndet wurde, um das historische, k\u00fcnstlerische und landschaftliche Erbe Italiens zu sch\u00fctzen und zu f\u00f6rdern. In Camogli ist der FAI in der Abtei San Fruttuoso vertreten<\/p>\t\t\t\t\t\t\t\t<\/div>\n\t\t\t\t<\/div>\n\t\t<a class=\"elementor-element elementor-element-3194554 e-con-full e-flex elementor-invisible e-con e-child\" data-id=\"3194554\" data-element_type=\"container\" data-settings=\"{&quot;animation&quot;:&quot;fadeIn&quot;,&quot;animation_delay&quot;:400}\" href=\"https:\/\/www.welcomecamogli.it\/de\/reise-planen\/restaurants-und-bars\/\">\n\t\t\t\t<div class=\"elementor-element elementor-element-950e455 elementor-widget elementor-widget-image\" data-id=\"950e455\" data-element_type=\"widget\" data-widget_type=\"image.default\">\n\t\t\t\t\t\t\t\t\t\t\t\t\t\t\t<img loading=\"lazy\" decoding=\"async\" width=\"277\" height=\"87\" src=\"https:\/\/www.welcomecamogli.it\/wp-content\/uploads\/2025\/11\/logo_portofino_coast.png\" class=\"attachment-full size-full wp-image-1252\" alt=\"\" \/>\t\t\t\t\t\t\t\t\t\t\t\t\t\t\t<\/div>\n\t\t\t\t<div class=\"elementor-element elementor-element-37e7296 elementor-widget elementor-widget-text-editor\" data-id=\"37e7296\" data-element_type=\"widget\" data-widget_type=\"text-editor.default\">\n\t\t\t\t\t\t\t\t\t<p>Seit 1987 vertritt das Konsortium Portofino Coast <strong>das hochwertigste touristische Angebot<\/strong> der gesamten Region. Es bietet erstklassige Hotels, Restaurants, Transportdienste und touristische Leistungen und f\u00f6rdert die Region in all ihren Facetten.<\/p>\t\t\t\t\t\t\t\t<\/div>\n\t\t\t\t<\/a>\n\t\t<div class=\"elementor-element elementor-element-6b18ee3 e-con-full e-flex elementor-invisible e-con e-child\" data-id=\"6b18ee3\" data-element_type=\"container\" data-settings=\"{&quot;animation&quot;:&quot;fadeIn&quot;}\">\n\t\t\t\t<div class=\"elementor-element elementor-element-269524c elementor-widget elementor-widget-image\" data-id=\"269524c\" data-element_type=\"widget\" data-widget_type=\"image.default\">\n\t\t\t\t\t\t\t\t\t\t\t\t\t\t\t<img loading=\"lazy\" decoding=\"async\" width=\"306\" height=\"94\" src=\"https:\/\/www.welcomecamogli.it\/wp-content\/uploads\/2025\/11\/logo_LiguriaTogether.png\" class=\"attachment-full size-full wp-image-1244\" alt=\"\" srcset=\"https:\/\/www.welcomecamogli.it\/wp-content\/uploads\/2025\/11\/logo_LiguriaTogether.png 306w, https:\/\/www.welcomecamogli.it\/wp-content\/uploads\/2025\/11\/logo_LiguriaTogether-300x92.png 300w\" sizes=\"(max-width: 306px) 100vw, 306px\" \/>\t\t\t\t\t\t\t\t\t\t\t\t\t\t\t<\/div>\n\t\t\t\t<div class=\"elementor-element elementor-element-7e21388 elementor-widget elementor-widget-text-editor\" data-id=\"7e21388\" data-element_type=\"widget\" data-widget_type=\"text-editor.default\">\n\t\t\t\t\t\t\t\t\t<p>Liguria Together ist <strong>ein Kulturverein<\/strong>, der mehr als 200 Betreiber aus Ligurien vereint \u2013 mit einem gemeinsamen Ziel: die Region Ligurien weltweit bekannt zu machen und zu f\u00f6rdern.<\/p>\t\t\t\t\t\t\t\t<\/div>\n\t\t\t\t<\/div>\n\t\t\t\t\t<\/div>\n\t\t\t\t<\/div>\n\t\t<div class=\"elementor-element elementor-element-526ffd9 e-flex e-con-boxed e-con e-parent\" data-id=\"526ffd9\" data-element_type=\"container\">\n\t\t\t\t\t<div class=\"e-con-inner\">\n\t\t\t\t<div class=\"elementor-element elementor-element-d9cf804 elementor-invisible elementor-widget elementor-widget-heading\" data-id=\"d9cf804\" data-element_type=\"widget\" data-settings=\"{&quot;_animation&quot;:&quot;fadeInUp&quot;}\" data-widget_type=\"heading.default\">\n\t\t\t\t\t<h2 class=\"elementor-heading-title elementor-size-default\">Die Gemeinde ist verschwistert mit:<\/h2>\t\t\t\t<\/div>\n\t\t\t\t\t<\/div>\n\t\t\t\t<\/div>\n\t\t<div class=\"elementor-element elementor-element-197c2e9 e-flex e-con-boxed e-con e-parent\" data-id=\"197c2e9\" data-element_type=\"container\">\n\t\t\t\t\t<div class=\"e-con-inner\">\n\t\t<div class=\"elementor-element elementor-element-c46c3f6 e-con-full e-flex elementor-invisible e-con e-child\" data-id=\"c46c3f6\" data-element_type=\"container\" data-settings=\"{&quot;animation&quot;:&quot;fadeIn&quot;,&quot;animation_delay&quot;:200}\">\n\t\t\t\t<div class=\"elementor-element elementor-element-229f1e6 elementor-widget elementor-widget-image\" data-id=\"229f1e6\" data-element_type=\"widget\" data-widget_type=\"image.default\">\n\t\t\t\t\t\t\t\t\t\t\t\t\t\t\t<img loading=\"lazy\" decoding=\"async\" width=\"130\" height=\"138\" src=\"https:\/\/www.welcomecamogli.it\/wp-content\/uploads\/2025\/11\/logo_tuningen.png\" class=\"attachment-full size-full wp-image-1256\" alt=\"\" \/>\t\t\t\t\t\t\t\t\t\t\t\t\t\t\t<\/div>\n\t\t\t\t<div class=\"elementor-element elementor-element-5085c36 elementor-widget elementor-widget-text-editor\" data-id=\"5085c36\" data-element_type=\"widget\" data-widget_type=\"text-editor.default\">\n\t\t\t\t\t\t\t\t\t<p>Die <strong>Gemeinde Tuningen (Deutschland)<\/strong> ist seit 1998 Partnerstadt von Camogli.<\/p>\t\t\t\t\t\t\t\t<\/div>\n\t\t\t\t<\/div>\n\t\t<a class=\"elementor-element elementor-element-903c9b8 e-con-full e-flex elementor-invisible e-con e-child\" data-id=\"903c9b8\" data-element_type=\"container\" data-settings=\"{&quot;animation&quot;:&quot;fadeIn&quot;,&quot;animation_delay&quot;:400}\" href=\"https:\/\/www.welcomecamogli.it\/de\/reise-planen\/restaurants-und-bars\/\">\n\t\t\t\t<div class=\"elementor-element elementor-element-e2ab790 elementor-widget elementor-widget-image\" data-id=\"e2ab790\" data-element_type=\"widget\" data-widget_type=\"image.default\">\n\t\t\t\t\t\t\t\t\t\t\t\t\t\t\t<img loading=\"lazy\" decoding=\"async\" width=\"139\" height=\"166\" src=\"https:\/\/www.welcomecamogli.it\/wp-content\/uploads\/2025\/11\/logo_carloforte.png\" class=\"attachment-full size-full wp-image-1228\" alt=\"\" \/>\t\t\t\t\t\t\t\t\t\t\t\t\t\t\t<\/div>\n\t\t\t\t<div class=\"elementor-element elementor-element-723aa00 elementor-widget elementor-widget-text-editor\" data-id=\"723aa00\" data-element_type=\"widget\" data-widget_type=\"text-editor.default\">\n\t\t\t\t\t\t\t\t\t<p>Die <strong>Gemeinde Carloforte auf Sardinien<\/strong> ist seit 2004 mit Camogli partnerschaftlich verbunden.<\/p>\t\t\t\t\t\t\t\t<\/div>\n\t\t\t\t<\/a>\n\t\t<div class=\"elementor-element elementor-element-787935f e-con-full e-flex elementor-invisible e-con e-child\" data-id=\"787935f\" data-element_type=\"container\" data-settings=\"{&quot;animation&quot;:&quot;fadeIn&quot;}\">\n\t\t\t\t<div class=\"elementor-element elementor-element-22a5d9c elementor-widget elementor-widget-image\" data-id=\"22a5d9c\" data-element_type=\"widget\" data-widget_type=\"image.default\">\n\t\t\t\t\t\t\t\t\t\t\t\t\t\t\t<img loading=\"lazy\" decoding=\"async\" width=\"123\" height=\"182\" src=\"https:\/\/www.welcomecamogli.it\/wp-content\/uploads\/2025\/11\/logo_gressoney.png\" class=\"attachment-full size-full wp-image-1236\" alt=\"\" \/>\t\t\t\t\t\t\t\t\t\t\t\t\t\t\t<\/div>\n\t\t\t\t<div class=\"elementor-element elementor-element-d2dc761 elementor-widget elementor-widget-text-editor\" data-id=\"d2dc761\" data-element_type=\"widget\" data-widget_type=\"text-editor.default\">\n\t\t\t\t\t\t\t\t\t<p>Die<strong> Gemeinde Gressoney-La-Trinit\u00e9<\/strong> im Aostatal ist seit 2025 mit Camogli verschwistert.<\/p>\t\t\t\t\t\t\t\t<\/div>\n\t\t\t\t<\/div>\n\t\t\t\t\t<\/div>\n\t\t\t\t<\/div>\n\t\t\t\t<\/div>\n\t\t","protected":false},"excerpt":{"rendered":"<p>Unsere Partner Die Regionale Agentur f\u00fcr Tourismusf\u00f6rderung In Liguria arbeitet t\u00e4glich mit Tourismusakteuren, Besuchern, B\u00fcrgern und Institutionen zusammen, um Ligurien in Italien und im Ausland zu bewerben, seinen Wert hervorzuheben und zu seinem wirtschaftlichen Wachstum beizutragen. Die Autonome Beh\u00f6rde des Monte di Portofino wurde 1935 gegr\u00fcndet, um den Schutz und die Erhaltung des Gebiets zu [&hellip;]<\/p>\n","protected":false},"author":3,"featured_media":1263,"parent":2610,"menu_order":0,"comment_status":"closed","ping_status":"closed","template":"","meta":{"_acf_changed":false,"footnotes":""},"class_list":["post-2627","page","type-page","status-publish","has-post-thumbnail","hentry"],"acf":[],"yoast_head":"<!-- This site is optimized with the Yoast SEO plugin v26.2 - https:\/\/yoast.com\/wordpress\/plugins\/seo\/ -->\n<title>Partner - Welcome Camogli<\/title>\n<meta name=\"robots\" content=\"index, follow, max-snippet:-1, max-image-preview:large, max-video-preview:-1\" \/>\n<link rel=\"canonical\" href=\"https:\/\/www.welcomecamogli.it\/de\/aktivitaeten-und-services\/partner\/\" \/>\n<meta property=\"og:locale\" content=\"de_DE\" \/>\n<meta property=\"og:type\" content=\"article\" \/>\n<meta property=\"og:title\" content=\"Partner - Welcome Camogli\" \/>\n<meta property=\"og:description\" content=\"Unsere Partner Die Regionale Agentur f\u00fcr Tourismusf\u00f6rderung In Liguria arbeitet t\u00e4glich mit Tourismusakteuren, Besuchern, B\u00fcrgern und Institutionen zusammen, um Ligurien in Italien und im Ausland zu bewerben, seinen Wert hervorzuheben und zu seinem wirtschaftlichen Wachstum beizutragen. Die Autonome Beh\u00f6rde des Monte di Portofino wurde 1935 gegr\u00fcndet, um den Schutz und die Erhaltung des Gebiets zu [&hellip;]\" \/>\n<meta property=\"og:url\" content=\"https:\/\/www.welcomecamogli.it\/de\/aktivitaeten-und-services\/partner\/\" \/>\n<meta property=\"og:site_name\" content=\"Welcome Camogli\" \/>\n<meta property=\"article:publisher\" content=\"https:\/\/www.facebook.com\/welcomecamogli\" \/>\n<meta property=\"article:modified_time\" content=\"2026-04-08T10:46:29+00:00\" \/>\n<meta property=\"og:image\" content=\"https:\/\/www.welcomecamogli.it\/wp-content\/uploads\/2025\/11\/attivita_slideshow01_partner-1024x683.jpg\" \/>\n\t<meta property=\"og:image:width\" content=\"1024\" \/>\n\t<meta property=\"og:image:height\" content=\"683\" \/>\n\t<meta property=\"og:image:type\" content=\"image\/jpeg\" \/>\n<meta name=\"twitter:card\" content=\"summary_large_image\" \/>\n<meta name=\"twitter:label1\" content=\"Est. reading time\" \/>\n\t<meta name=\"twitter:data1\" content=\"4 minutes\" \/>\n<script type=\"application\/ld+json\" class=\"yoast-schema-graph\">{\"@context\":\"https:\/\/schema.org\",\"@graph\":[{\"@type\":\"WebPage\",\"@id\":\"https:\/\/www.welcomecamogli.it\/de\/aktivitaeten-und-services\/partner\/\",\"url\":\"https:\/\/www.welcomecamogli.it\/de\/aktivitaeten-und-services\/partner\/\",\"name\":\"Partner - Welcome Camogli\",\"isPartOf\":{\"@id\":\"https:\/\/www.welcomecamogli.it\/#website\"},\"primaryImageOfPage\":{\"@id\":\"https:\/\/www.welcomecamogli.it\/de\/aktivitaeten-und-services\/partner\/#primaryimage\"},\"image\":{\"@id\":\"https:\/\/www.welcomecamogli.it\/de\/aktivitaeten-und-services\/partner\/#primaryimage\"},\"thumbnailUrl\":\"https:\/\/www.welcomecamogli.it\/wp-content\/uploads\/2025\/11\/attivita_slideshow01_partner.jpg\",\"datePublished\":\"2025-11-23T21:19:10+00:00\",\"dateModified\":\"2026-04-08T10:46:29+00:00\",\"breadcrumb\":{\"@id\":\"https:\/\/www.welcomecamogli.it\/de\/aktivitaeten-und-services\/partner\/#breadcrumb\"},\"inLanguage\":\"de-DE\",\"potentialAction\":[{\"@type\":\"ReadAction\",\"target\":[\"https:\/\/www.welcomecamogli.it\/de\/aktivitaeten-und-services\/partner\/\"]}]},{\"@type\":\"ImageObject\",\"inLanguage\":\"de-DE\",\"@id\":\"https:\/\/www.welcomecamogli.it\/de\/aktivitaeten-und-services\/partner\/#primaryimage\",\"url\":\"https:\/\/www.welcomecamogli.it\/wp-content\/uploads\/2025\/11\/attivita_slideshow01_partner.jpg\",\"contentUrl\":\"https:\/\/www.welcomecamogli.it\/wp-content\/uploads\/2025\/11\/attivita_slideshow01_partner.jpg\",\"width\":1920,\"height\":1280},{\"@type\":\"BreadcrumbList\",\"@id\":\"https:\/\/www.welcomecamogli.it\/de\/aktivitaeten-und-services\/partner\/#breadcrumb\",\"itemListElement\":[{\"@type\":\"ListItem\",\"position\":1,\"name\":\"Home\",\"item\":\"https:\/\/www.welcomecamogli.it\/de\/\"},{\"@type\":\"ListItem\",\"position\":2,\"name\":\"Aktivit\u00e4ten und Services\",\"item\":\"https:\/\/www.welcomecamogli.it\/de\/aktivitaeten-und-services\/\"},{\"@type\":\"ListItem\",\"position\":3,\"name\":\"Partner\"}]},{\"@type\":\"WebSite\",\"@id\":\"https:\/\/www.welcomecamogli.it\/#website\",\"url\":\"https:\/\/www.welcomecamogli.it\/\",\"name\":\"Welcome Camogli\",\"description\":\"\",\"publisher\":{\"@id\":\"https:\/\/www.welcomecamogli.it\/#organization\"},\"potentialAction\":[{\"@type\":\"SearchAction\",\"target\":{\"@type\":\"EntryPoint\",\"urlTemplate\":\"https:\/\/www.welcomecamogli.it\/?s={search_term_string}\"},\"query-input\":{\"@type\":\"PropertyValueSpecification\",\"valueRequired\":true,\"valueName\":\"search_term_string\"}}],\"inLanguage\":\"de-DE\"},{\"@type\":\"Organization\",\"@id\":\"https:\/\/www.welcomecamogli.it\/#organization\",\"name\":\"Welcome Camogli\",\"url\":\"https:\/\/www.welcomecamogli.it\/\",\"logo\":{\"@type\":\"ImageObject\",\"inLanguage\":\"de-DE\",\"@id\":\"https:\/\/www.welcomecamogli.it\/#\/schema\/logo\/image\/\",\"url\":\"https:\/\/www.welcomecamogli.it\/wp-content\/uploads\/2025\/10\/logo_welcome_camogli.png\",\"contentUrl\":\"https:\/\/www.welcomecamogli.it\/wp-content\/uploads\/2025\/10\/logo_welcome_camogli.png\",\"width\":199,\"height\":67,\"caption\":\"Welcome Camogli\"},\"image\":{\"@id\":\"https:\/\/www.welcomecamogli.it\/#\/schema\/logo\/image\/\"},\"sameAs\":[\"https:\/\/www.facebook.com\/welcomecamogli\",\"https:\/\/www.youtube.com\/channel\/UCBCixdygwXvBPu8ndWQ_MRw\",\"https:\/\/www.instagram.com\/welcome_camogli\/\"]}]}<\/script>\n<!-- \/ Yoast SEO plugin. -->","yoast_head_json":{"title":"Partner - Welcome Camogli","robots":{"index":"index","follow":"follow","max-snippet":"max-snippet:-1","max-image-preview":"max-image-preview:large","max-video-preview":"max-video-preview:-1"},"canonical":"https:\/\/www.welcomecamogli.it\/de\/aktivitaeten-und-services\/partner\/","og_locale":"de_DE","og_type":"article","og_title":"Partner - Welcome Camogli","og_description":"Unsere Partner Die Regionale Agentur f\u00fcr Tourismusf\u00f6rderung In Liguria arbeitet t\u00e4glich mit Tourismusakteuren, Besuchern, B\u00fcrgern und Institutionen zusammen, um Ligurien in Italien und im Ausland zu bewerben, seinen Wert hervorzuheben und zu seinem wirtschaftlichen Wachstum beizutragen. Die Autonome Beh\u00f6rde des Monte di Portofino wurde 1935 gegr\u00fcndet, um den Schutz und die Erhaltung des Gebiets zu [&hellip;]","og_url":"https:\/\/www.welcomecamogli.it\/de\/aktivitaeten-und-services\/partner\/","og_site_name":"Welcome Camogli","article_publisher":"https:\/\/www.facebook.com\/welcomecamogli","article_modified_time":"2026-04-08T10:46:29+00:00","og_image":[{"width":1024,"height":683,"url":"https:\/\/www.welcomecamogli.it\/wp-content\/uploads\/2025\/11\/attivita_slideshow01_partner-1024x683.jpg","type":"image\/jpeg"}],"twitter_card":"summary_large_image","twitter_misc":{"Est. reading time":"4 minutes"},"schema":{"@context":"https:\/\/schema.org","@graph":[{"@type":"WebPage","@id":"https:\/\/www.welcomecamogli.it\/de\/aktivitaeten-und-services\/partner\/","url":"https:\/\/www.welcomecamogli.it\/de\/aktivitaeten-und-services\/partner\/","name":"Partner - Welcome Camogli","isPartOf":{"@id":"https:\/\/www.welcomecamogli.it\/#website"},"primaryImageOfPage":{"@id":"https:\/\/www.welcomecamogli.it\/de\/aktivitaeten-und-services\/partner\/#primaryimage"},"image":{"@id":"https:\/\/www.welcomecamogli.it\/de\/aktivitaeten-und-services\/partner\/#primaryimage"},"thumbnailUrl":"https:\/\/www.welcomecamogli.it\/wp-content\/uploads\/2025\/11\/attivita_slideshow01_partner.jpg","datePublished":"2025-11-23T21:19:10+00:00","dateModified":"2026-04-08T10:46:29+00:00","breadcrumb":{"@id":"https:\/\/www.welcomecamogli.it\/de\/aktivitaeten-und-services\/partner\/#breadcrumb"},"inLanguage":"de-DE","potentialAction":[{"@type":"ReadAction","target":["https:\/\/www.welcomecamogli.it\/de\/aktivitaeten-und-services\/partner\/"]}]},{"@type":"ImageObject","inLanguage":"de-DE","@id":"https:\/\/www.welcomecamogli.it\/de\/aktivitaeten-und-services\/partner\/#primaryimage","url":"https:\/\/www.welcomecamogli.it\/wp-content\/uploads\/2025\/11\/attivita_slideshow01_partner.jpg","contentUrl":"https:\/\/www.welcomecamogli.it\/wp-content\/uploads\/2025\/11\/attivita_slideshow01_partner.jpg","width":1920,"height":1280},{"@type":"BreadcrumbList","@id":"https:\/\/www.welcomecamogli.it\/de\/aktivitaeten-und-services\/partner\/#breadcrumb","itemListElement":[{"@type":"ListItem","position":1,"name":"Home","item":"https:\/\/www.welcomecamogli.it\/de\/"},{"@type":"ListItem","position":2,"name":"Aktivit\u00e4ten und Services","item":"https:\/\/www.welcomecamogli.it\/de\/aktivitaeten-und-services\/"},{"@type":"ListItem","position":3,"name":"Partner"}]},{"@type":"WebSite","@id":"https:\/\/www.welcomecamogli.it\/#website","url":"https:\/\/www.welcomecamogli.it\/","name":"Welcome Camogli","description":"","publisher":{"@id":"https:\/\/www.welcomecamogli.it\/#organization"},"potentialAction":[{"@type":"SearchAction","target":{"@type":"EntryPoint","urlTemplate":"https:\/\/www.welcomecamogli.it\/?s={search_term_string}"},"query-input":{"@type":"PropertyValueSpecification","valueRequired":true,"valueName":"search_term_string"}}],"inLanguage":"de-DE"},{"@type":"Organization","@id":"https:\/\/www.welcomecamogli.it\/#organization","name":"Welcome Camogli","url":"https:\/\/www.welcomecamogli.it\/","logo":{"@type":"ImageObject","inLanguage":"de-DE","@id":"https:\/\/www.welcomecamogli.it\/#\/schema\/logo\/image\/","url":"https:\/\/www.welcomecamogli.it\/wp-content\/uploads\/2025\/10\/logo_welcome_camogli.png","contentUrl":"https:\/\/www.welcomecamogli.it\/wp-content\/uploads\/2025\/10\/logo_welcome_camogli.png","width":199,"height":67,"caption":"Welcome Camogli"},"image":{"@id":"https:\/\/www.welcomecamogli.it\/#\/schema\/logo\/image\/"},"sameAs":["https:\/\/www.facebook.com\/welcomecamogli","https:\/\/www.youtube.com\/channel\/UCBCixdygwXvBPu8ndWQ_MRw","https:\/\/www.instagram.com\/welcome_camogli\/"]}]}},"_links":{"self":[{"href":"https:\/\/www.welcomecamogli.it\/de\/wp-json\/wp\/v2\/pages\/2627","targetHints":{"allow":["GET"]}}],"collection":[{"href":"https:\/\/www.welcomecamogli.it\/de\/wp-json\/wp\/v2\/pages"}],"about":[{"href":"https:\/\/www.welcomecamogli.it\/de\/wp-json\/wp\/v2\/types\/page"}],"author":[{"embeddable":true,"href":"https:\/\/www.welcomecamogli.it\/de\/wp-json\/wp\/v2\/users\/3"}],"replies":[{"embeddable":true,"href":"https:\/\/www.welcomecamogli.it\/de\/wp-json\/wp\/v2\/comments?post=2627"}],"version-history":[{"count":14,"href":"https:\/\/www.welcomecamogli.it\/de\/wp-json\/wp\/v2\/pages\/2627\/revisions"}],"predecessor-version":[{"id":3434,"href":"https:\/\/www.welcomecamogli.it\/de\/wp-json\/wp\/v2\/pages\/2627\/revisions\/3434"}],"up":[{"embeddable":true,"href":"https:\/\/www.welcomecamogli.it\/de\/wp-json\/wp\/v2\/pages\/2610"}],"wp:featuredmedia":[{"embeddable":true,"href":"https:\/\/www.welcomecamogli.it\/de\/wp-json\/wp\/v2\/media\/1263"}],"wp:attachment":[{"href":"https:\/\/www.welcomecamogli.it\/de\/wp-json\/wp\/v2\/media?parent=2627"}],"curies":[{"name":"wp","href":"https:\/\/api.w.org\/{rel}","templated":true}]}}